{"id":737,"date":"2024-05-16T11:44:07","date_gmt":"2024-05-16T09:44:07","guid":{"rendered":"https:\/\/lemanhome.anapneo-studio.fr\/louer-un-logement\/"},"modified":"2024-07-15T15:47:37","modified_gmt":"2024-07-15T13:47:37","slug":"louer-un-logement","status":"publish","type":"page","link":"https:\/\/lemanhome.com\/fr\/louer-un-logement\/","title":{"rendered":"Louer"},"content":{"rendered":"\t\t<div data-elementor-type=\"wp-page\" data-elementor-id=\"737\" class=\"elementor elementor-737 elementor-26\" data-elementor-post-type=\"page\">\n\t\t\t\t<div class=\"elementor-element elementor-element-24382a3 e-flex e-con-boxed e-con e-parent\" data-id=\"24382a3\" data-element_type=\"container\" data-settings=\"{&quot;background_background&quot;:&quot;classic&quot;,&quot;background_motion_fx_motion_fx_scrolling&quot;:&quot;yes&quot;,&quot;background_motion_fx_translateY_effect&quot;:&quot;yes&quot;,&quot;background_motion_fx_translateY_speed&quot;:{&quot;unit&quot;:&quot;px&quot;,&quot;size&quot;:2,&quot;sizes&quot;:[]},&quot;background_motion_fx_translateY_affectedRange&quot;:{&quot;unit&quot;:&quot;%&quot;,&quot;size&quot;:&quot;&quot;,&quot;sizes&quot;:{&quot;start&quot;:0,&quot;end&quot;:100}},&quot;background_motion_fx_devices&quot;:[&quot;desktop&quot;,&quot;tablet&quot;,&quot;mobile&quot;]}\">\n\t\t\t\t\t<div class=\"e-con-inner\">\n\t\t<div class=\"elementor-element elementor-element-09575f6 e-con-full e-flex e-con e-child\" data-id=\"09575f6\" data-element_type=\"container\">\n\t\t\t\t<div class=\"elementor-element elementor-element-4cde87d elementor-widget elementor-widget-heading\" data-id=\"4cde87d\" data-element_type=\"widget\" data-widget_type=\"heading.default\">\n\t\t\t\t<div class=\"elementor-widget-container\">\n\t\t\t<style>\/*! elementor - v3.22.0 - 26-06-2024 *\/\n.elementor-heading-title{padding:0;margin:0;line-height:1}.elementor-widget-heading .elementor-heading-title[class*=elementor-size-]>a{color:inherit;font-size:inherit;line-height:inherit}.elementor-widget-heading .elementor-heading-title.elementor-size-small{font-size:15px}.elementor-widget-heading .elementor-heading-title.elementor-size-medium{font-size:19px}.elementor-widget-heading .elementor-heading-title.elementor-size-large{font-size:29px}.elementor-widget-heading .elementor-heading-title.elementor-size-xl{font-size:39px}.elementor-widget-heading .elementor-heading-title.elementor-size-xxl{font-size:59px}<\/style><h2 class=\"elementor-heading-title elementor-size-default\">Recherche de location<\/h2>\t\t<\/div>\n\t\t\t\t<\/div>\n\t\t\t\t<div class=\"elementor-element elementor-element-bff48e7 elementor-widget__width-inherit elementor-widget elementor-widget-text-editor\" data-id=\"bff48e7\" data-element_type=\"widget\" data-widget_type=\"text-editor.default\">\n\t\t\t\t<div class=\"elementor-widget-container\">\n\t\t\t<style>\/*! elementor - v3.22.0 - 26-06-2024 *\/\n.elementor-widget-text-editor.elementor-drop-cap-view-stacked .elementor-drop-cap{background-color:#69727d;color:#fff}.elementor-widget-text-editor.elementor-drop-cap-view-framed .elementor-drop-cap{color:#69727d;border:3px solid;background-color:transparent}.elementor-widget-text-editor:not(.elementor-drop-cap-view-default) .elementor-drop-cap{margin-top:8px}.elementor-widget-text-editor:not(.elementor-drop-cap-view-default) .elementor-drop-cap-letter{width:1em;height:1em}.elementor-widget-text-editor .elementor-drop-cap{float:left;text-align:center;line-height:1;font-size:50px}.elementor-widget-text-editor .elementor-drop-cap-letter{display:inline-block}<\/style>\t\t\t\t<p>LEMAN HOME aide ses clients \u00e0 obtenir des biens locatifs de qualit\u00e9 \u00e0 des prix comp\u00e9titifs tout en n\u00e9gociant des conditions de bail avantageuses.<\/p>\n<p>Comme tout mach\u00e9, le secteur immobilier suisse a des sp\u00e9cificit\u00e9s qui lui sont propres et qui peuvent diff\u00e9rer d\u2019un canton \u00e0 l\u2019autre. Une bonne compr\u00e9hension du cadre juridique applicable est d\u00e8s lors n\u00e9cessaire.<\/p>\n<p>Le taux d&rsquo;inoccupation est extr\u00eamement faible dans les meilleurs endroits, et il peut donc \u00eatre tr\u00e8s difficile de trouver des biens de grande qualit\u00e9. LEMAN HOME vous assistera et vous conseillera pour s&rsquo;assurer qu&rsquo;ils obtiennent les meilleurs biens locatifs au meilleur prix, tout en n\u00e9gociant les conditions les plus justes dans le cadre du bail.<\/p>\n\t\t\t\t\t\t<\/div>\n\t\t\t\t<\/div>\n\t\t\t\t<\/div>\n\t\t\t\t\t<\/div>\n\t\t\t\t<\/div>\n\t\t<div class=\"elementor-element elementor-element-cc3348a e-flex e-con-boxed e-con e-parent\" data-id=\"cc3348a\" data-element_type=\"container\">\n\t\t\t\t\t<div class=\"e-con-inner\">\n\t\t<div class=\"elementor-element elementor-element-2f233b5 e-con-full e-grid e-con e-child\" data-id=\"2f233b5\" data-element_type=\"container\">\n\t\t<div class=\"elementor-element elementor-element-3a4a2bf e-con-full animated-fast e-flex elementor-invisible e-con e-child\" data-id=\"3a4a2bf\" data-element_type=\"container\" data-settings=\"{&quot;background_background&quot;:&quot;classic&quot;,&quot;animation&quot;:&quot;fadeInUp&quot;}\">\n\t\t\t\t<div class=\"elementor-element elementor-element-5e8f1da elementor-absolute animated-slow elementor-invisible elementor-widget elementor-widget-text-editor\" data-id=\"5e8f1da\" data-element_type=\"widget\" data-settings=\"{&quot;_position&quot;:&quot;absolute&quot;,&quot;_animation&quot;:&quot;bounceIn&quot;,&quot;_animation_delay&quot;:150}\" data-widget_type=\"text-editor.default\">\n\t\t\t\t<div class=\"elementor-widget-container\">\n\t\t\t\t\t\t\t<p>1<\/p>\n\t\t\t\t\t\t<\/div>\n\t\t\t\t<\/div>\n\t\t\t\t<div class=\"elementor-element elementor-element-18bdaaf elementor-widget elementor-widget-heading\" data-id=\"18bdaaf\" data-element_type=\"widget\" data-widget_type=\"heading.default\">\n\t\t\t\t<div class=\"elementor-widget-container\">\n\t\t\t<h2 class=\"elementor-heading-title elementor-size-default\">R\u00e9union sans engagement<\/h2>\t\t<\/div>\n\t\t\t\t<\/div>\n\t\t\t\t<div class=\"elementor-element elementor-element-665eba4 elementor-widget elementor-widget-text-editor\" data-id=\"665eba4\" data-element_type=\"widget\" data-widget_type=\"text-editor.default\">\n\t\t\t\t<div class=\"elementor-widget-container\">\n\t\t\t\t\t\t\t<p>Nous venons vous rencontrer \u00e0 l&rsquo;heure et \u00e0 l&rsquo;endroit qui vous conviennent, que ce soit pendant la journ\u00e9e, apr\u00e8s le travail ou le week-end. Nous pouvons vous conseiller sur les conditions actuelles du march\u00e9 et la r\u00e9union nous donne l&rsquo;occasion de comprendre pleinement vos besoins et ce qui est important pour vous.<\/p>\n\t\t\t\t\t\t<\/div>\n\t\t\t\t<\/div>\n\t\t\t\t<\/div>\n\t\t<div class=\"elementor-element elementor-element-5ffccc4 e-con-full animated-fast e-flex elementor-invisible e-con e-child\" data-id=\"5ffccc4\" data-element_type=\"container\" data-settings=\"{&quot;background_background&quot;:&quot;classic&quot;,&quot;animation&quot;:&quot;fadeInUp&quot;}\">\n\t\t\t\t<div class=\"elementor-element elementor-element-d49b4fd elementor-absolute animated-slow elementor-invisible elementor-widget elementor-widget-text-editor\" data-id=\"d49b4fd\" data-element_type=\"widget\" data-settings=\"{&quot;_position&quot;:&quot;absolute&quot;,&quot;_animation&quot;:&quot;bounceIn&quot;,&quot;_animation_delay&quot;:150}\" data-widget_type=\"text-editor.default\">\n\t\t\t\t<div class=\"elementor-widget-container\">\n\t\t\t\t\t\t\t<p>2<\/p>\n\t\t\t\t\t\t<\/div>\n\t\t\t\t<\/div>\n\t\t\t\t<div class=\"elementor-element elementor-element-eeaa6ec elementor-widget elementor-widget-heading\" data-id=\"eeaa6ec\" data-element_type=\"widget\" data-widget_type=\"heading.default\">\n\t\t\t\t<div class=\"elementor-widget-container\">\n\t\t\t<h2 class=\"elementor-heading-title elementor-size-default\">Dossier complet sur les biens immobiliers <\/h2>\t\t<\/div>\n\t\t\t\t<\/div>\n\t\t\t\t<div class=\"elementor-element elementor-element-71f3309 elementor-widget elementor-widget-text-editor\" data-id=\"71f3309\" data-element_type=\"widget\" data-widget_type=\"text-editor.default\">\n\t\t\t\t<div class=\"elementor-widget-container\">\n\t\t\t\t\t\t\t<p>Nous travaillons en \u00e9troite collaboration avec vous afin d\u2019\u00e9tablir un dossier cibl\u00e9 qui tient compte de vos exigences en ce qui concerne le style, la taille et l\u2019emplacement du bien immobilier souhait\u00e9. Nous vous conseillons sur les diff\u00e9rentes options disponibles et proposons une visite d\u2019orientation si vous le souhaitez.<\/p>\n\t\t\t\t\t\t<\/div>\n\t\t\t\t<\/div>\n\t\t\t\t<\/div>\n\t\t<div class=\"elementor-element elementor-element-baa3e90 e-con-full animated-fast e-flex elementor-invisible e-con e-child\" data-id=\"baa3e90\" data-element_type=\"container\" data-settings=\"{&quot;background_background&quot;:&quot;classic&quot;,&quot;animation&quot;:&quot;fadeInUp&quot;}\">\n\t\t\t\t<div class=\"elementor-element elementor-element-a6d5401 elementor-absolute animated-slow elementor-invisible elementor-widget elementor-widget-text-editor\" data-id=\"a6d5401\" data-element_type=\"widget\" data-settings=\"{&quot;_position&quot;:&quot;absolute&quot;,&quot;_animation&quot;:&quot;bounceIn&quot;,&quot;_animation_delay&quot;:150}\" data-widget_type=\"text-editor.default\">\n\t\t\t\t<div class=\"elementor-widget-container\">\n\t\t\t\t\t\t\t<p>3<\/p>\n\t\t\t\t\t\t<\/div>\n\t\t\t\t<\/div>\n\t\t\t\t<div class=\"elementor-element elementor-element-b9031b4 elementor-widget elementor-widget-heading\" data-id=\"b9031b4\" data-element_type=\"widget\" data-widget_type=\"heading.default\">\n\t\t\t\t<div class=\"elementor-widget-container\">\n\t\t\t<h2 class=\"elementor-heading-title elementor-size-default\">Recherche de biens<\/h2>\t\t<\/div>\n\t\t\t\t<\/div>\n\t\t\t\t<div class=\"elementor-element elementor-element-5432369 elementor-widget elementor-widget-text-editor\" data-id=\"5432369\" data-element_type=\"widget\" data-widget_type=\"text-editor.default\">\n\t\t\t\t<div class=\"elementor-widget-container\">\n\t\t\t\t\t\t\t<p>Nous effectuons des recherches approfondies sur le march\u00e9 en travaillant avec des agents immobiliers locaux et notre vaste r\u00e9seau de contacts priv\u00e9s.<\/p>\n\t\t\t\t\t\t<\/div>\n\t\t\t\t<\/div>\n\t\t\t\t<\/div>\n\t\t<div class=\"elementor-element elementor-element-1e5257e e-con-full animated-fast e-flex elementor-invisible e-con e-child\" data-id=\"1e5257e\" data-element_type=\"container\" data-settings=\"{&quot;background_background&quot;:&quot;classic&quot;,&quot;animation&quot;:&quot;fadeInUp&quot;}\">\n\t\t\t\t<div class=\"elementor-element elementor-element-9980b1a elementor-absolute animated-slow elementor-invisible elementor-widget elementor-widget-text-editor\" data-id=\"9980b1a\" data-element_type=\"widget\" data-settings=\"{&quot;_position&quot;:&quot;absolute&quot;,&quot;_animation&quot;:&quot;bounceIn&quot;,&quot;_animation_delay&quot;:150}\" data-widget_type=\"text-editor.default\">\n\t\t\t\t<div class=\"elementor-widget-container\">\n\t\t\t\t\t\t\t<p>4<\/p>\n\t\t\t\t\t\t<\/div>\n\t\t\t\t<\/div>\n\t\t\t\t<div class=\"elementor-element elementor-element-3789a96 elementor-widget elementor-widget-heading\" data-id=\"3789a96\" data-element_type=\"widget\" data-widget_type=\"heading.default\">\n\t\t\t\t<div class=\"elementor-widget-container\">\n\t\t\t<h2 class=\"elementor-heading-title elementor-size-default\">Vous faire un rapport<\/h2>\t\t<\/div>\n\t\t\t\t<\/div>\n\t\t\t\t<div class=\"elementor-element elementor-element-9ea9b06 elementor-widget elementor-widget-text-editor\" data-id=\"9ea9b06\" data-element_type=\"widget\" data-widget_type=\"text-editor.default\">\n\t\t\t\t<div class=\"elementor-widget-container\">\n\t\t\t\t\t\t\t<p>Nous proc\u00e9dons \u00e0 une inspection minutieuse de chaque bien; Nous \u00e9tablirons une liste restreinte des biens qui correspondent \u00e0 votre demande. Nous vous fournirons un retour d&rsquo;information honn\u00eate et objectif sur chaque bien.<\/p>\n\t\t\t\t\t\t<\/div>\n\t\t\t\t<\/div>\n\t\t\t\t<\/div>\n\t\t<div class=\"elementor-element elementor-element-d5b3af6 e-con-full animated-fast e-flex elementor-invisible e-con e-child\" data-id=\"d5b3af6\" data-element_type=\"container\" data-settings=\"{&quot;background_background&quot;:&quot;classic&quot;,&quot;animation&quot;:&quot;fadeInUp&quot;}\">\n\t\t\t\t<div class=\"elementor-element elementor-element-24e8f0a elementor-absolute animated-slow elementor-invisible elementor-widget elementor-widget-text-editor\" data-id=\"24e8f0a\" data-element_type=\"widget\" data-settings=\"{&quot;_position&quot;:&quot;absolute&quot;,&quot;_animation&quot;:&quot;bounceIn&quot;,&quot;_animation_delay&quot;:150}\" data-widget_type=\"text-editor.default\">\n\t\t\t\t<div class=\"elementor-widget-container\">\n\t\t\t\t\t\t\t<p>5<\/p>\n\t\t\t\t\t\t<\/div>\n\t\t\t\t<\/div>\n\t\t\t\t<div class=\"elementor-element elementor-element-d646584 elementor-widget elementor-widget-heading\" data-id=\"d646584\" data-element_type=\"widget\" data-widget_type=\"heading.default\">\n\t\t\t\t<div class=\"elementor-widget-container\">\n\t\t\t<h2 class=\"elementor-heading-title elementor-size-default\">Des visites avec vous<\/h2>\t\t<\/div>\n\t\t\t\t<\/div>\n\t\t\t\t<div class=\"elementor-element elementor-element-c2cc346 elementor-widget elementor-widget-text-editor\" data-id=\"c2cc346\" data-element_type=\"widget\" data-widget_type=\"text-editor.default\">\n\t\t\t\t<div class=\"elementor-widget-container\">\n\t\t\t\t\t\t\t<p>Les visites sont organis\u00e9es \u00e0 votre convenance et nous pouvons souvent organiser des visites \u00e0 des heures plus souples que celles qui vous seraient normalement propos\u00e9es si vous cherchiez \u00e0 titre individuel. Nous vous accompagnons lors de toutes les visites de biens immobiliers et vous fournirons des conseils impartiaux .<\/p>\n\t\t\t\t\t\t<\/div>\n\t\t\t\t<\/div>\n\t\t\t\t<\/div>\n\t\t<div class=\"elementor-element elementor-element-7435ecc e-con-full animated-fast e-flex elementor-invisible e-con e-child\" data-id=\"7435ecc\" data-element_type=\"container\" data-settings=\"{&quot;background_background&quot;:&quot;classic&quot;,&quot;animation&quot;:&quot;fadeInUp&quot;}\">\n\t\t\t\t<div class=\"elementor-element elementor-element-2d99a13 elementor-absolute animated-slow elementor-invisible elementor-widget elementor-widget-text-editor\" data-id=\"2d99a13\" data-element_type=\"widget\" data-settings=\"{&quot;_position&quot;:&quot;absolute&quot;,&quot;_animation&quot;:&quot;bounceIn&quot;,&quot;_animation_delay&quot;:150}\" data-widget_type=\"text-editor.default\">\n\t\t\t\t<div class=\"elementor-widget-container\">\n\t\t\t\t\t\t\t<p>6<\/p>\n\t\t\t\t\t\t<\/div>\n\t\t\t\t<\/div>\n\t\t\t\t<div class=\"elementor-element elementor-element-b4da37d elementor-widget elementor-widget-heading\" data-id=\"b4da37d\" data-element_type=\"widget\" data-widget_type=\"heading.default\">\n\t\t\t\t<div class=\"elementor-widget-container\">\n\t\t\t<h2 class=\"elementor-heading-title elementor-size-default\">N\u00e9gociation <\/h2>\t\t<\/div>\n\t\t\t\t<\/div>\n\t\t\t\t<div class=\"elementor-element elementor-element-c925b0a elementor-widget elementor-widget-text-editor\" data-id=\"c925b0a\" data-element_type=\"widget\" data-widget_type=\"text-editor.default\">\n\t\t\t\t<div class=\"elementor-widget-container\">\n\t\t\t\t\t\t\t<p>Nos relations avec les agents immobiliers signifient que nous pouvons souvent vous donner un avantage concurrentiel s\u2019il y a d\u2019autres offres sur un bien immobilier sp\u00e9cifique, les agents immobiliers savent que nous agissons pour des acheteurs s\u00e9rieux et que nous apportons rapidit\u00e9 et efficacit\u00e9 au processus.<\/p>\n\t\t\t\t\t\t<\/div>\n\t\t\t\t<\/div>\n\t\t\t\t<\/div>\n\t\t<div class=\"elementor-element elementor-element-c240273 e-con-full animated-fast e-flex elementor-invisible e-con e-child\" data-id=\"c240273\" data-element_type=\"container\" data-settings=\"{&quot;background_background&quot;:&quot;classic&quot;,&quot;animation&quot;:&quot;fadeInUp&quot;}\">\n\t\t\t\t<div class=\"elementor-element elementor-element-27153df elementor-absolute animated-slow elementor-invisible elementor-widget elementor-widget-text-editor\" data-id=\"27153df\" data-element_type=\"widget\" data-settings=\"{&quot;_position&quot;:&quot;absolute&quot;,&quot;_animation&quot;:&quot;bounceIn&quot;,&quot;_animation_delay&quot;:150}\" data-widget_type=\"text-editor.default\">\n\t\t\t\t<div class=\"elementor-widget-container\">\n\t\t\t\t\t\t\t<p>7<\/p>\n\t\t\t\t\t\t<\/div>\n\t\t\t\t<\/div>\n\t\t\t\t<div class=\"elementor-element elementor-element-eeadb61 elementor-widget elementor-widget-heading\" data-id=\"eeadb61\" data-element_type=\"widget\" data-widget_type=\"heading.default\">\n\t\t\t\t<div class=\"elementor-widget-container\">\n\t\t\t<h2 class=\"elementor-heading-title elementor-size-default\">S'installer <\/h2>\t\t<\/div>\n\t\t\t\t<\/div>\n\t\t\t\t<div class=\"elementor-element elementor-element-3cc331e elementor-widget elementor-widget-text-editor\" data-id=\"3cc331e\" data-element_type=\"widget\" data-widget_type=\"text-editor.default\">\n\t\t\t\t<div class=\"elementor-widget-container\">\n\t\t\t\t\t\t\t<p>Avant que vous n\u2019emm\u00e9nagiez dans votre nouvelle prori\u00e9t\u00e9, nous vous fournissons une liste de contr\u00f4le personnalis\u00e9e des organismes qui doivent \u00eatre inform\u00e9s de votre acquisition. Nous vous aidons \u00e0 en assurer la gestion.<\/p>\n\t\t\t\t\t\t<\/div>\n\t\t\t\t<\/div>\n\t\t\t\t<\/div>\n\t\t\t\t<\/div>\n\t\t\t\t\t<\/div>\n\t\t\t\t<\/div>\n\t\t\t\t<\/div>\n\t\t","protected":false},"excerpt":{"rendered":"<p>Recherche de location LEMAN HOME aide ses clients \u00e0 obtenir des biens locatifs de qualit\u00e9 \u00e0 des prix comp\u00e9titifs tout en n\u00e9gociant des conditions de bail avantageuses. Comme tout mach\u00e9, le secteur immobilier suisse a des sp\u00e9cificit\u00e9s qui lui sont propres et qui peuvent diff\u00e9rer d\u2019un canton \u00e0 l\u2019autre. Une bonne compr\u00e9hension du cadre juridique [&hellip;]<\/p>\n","protected":false},"author":2,"featured_media":0,"parent":0,"menu_order":0,"comment_status":"closed","ping_status":"closed","template":"","meta":{"footnotes":""},"class_list":["post-737","page","type-page","status-publish","hentry"],"_links":{"self":[{"href":"https:\/\/lemanhome.com\/fr\/wp-json\/wp\/v2\/pages\/737","targetHints":{"allow":["GET"]}}],"collection":[{"href":"https:\/\/lemanhome.com\/fr\/wp-json\/wp\/v2\/pages"}],"about":[{"href":"https:\/\/lemanhome.com\/fr\/wp-json\/wp\/v2\/types\/page"}],"author":[{"embeddable":true,"href":"https:\/\/lemanhome.com\/fr\/wp-json\/wp\/v2\/users\/2"}],"replies":[{"embeddable":true,"href":"https:\/\/lemanhome.com\/fr\/wp-json\/wp\/v2\/comments?post=737"}],"version-history":[{"count":27,"href":"https:\/\/lemanhome.com\/fr\/wp-json\/wp\/v2\/pages\/737\/revisions"}],"predecessor-version":[{"id":1380,"href":"https:\/\/lemanhome.com\/fr\/wp-json\/wp\/v2\/pages\/737\/revisions\/1380"}],"wp:attachment":[{"href":"https:\/\/lemanhome.com\/fr\/wp-json\/wp\/v2\/media?parent=737"}],"curies":[{"name":"wp","href":"https:\/\/api.w.org\/{rel}","templated":true}]}}