{"id":731,"date":"2024-05-16T11:25:21","date_gmt":"2024-05-16T09:25:21","guid":{"rendered":"https:\/\/lemanhome.anapneo-studio.fr\/trouver-un-logement\/"},"modified":"2024-07-15T15:29:54","modified_gmt":"2024-07-15T13:29:54","slug":"trouver-un-logement","status":"publish","type":"page","link":"https:\/\/lemanhome.com\/fr\/trouver-un-logement\/","title":{"rendered":"Trouver un logement"},"content":{"rendered":"\t\t<div data-elementor-type=\"wp-page\" data-elementor-id=\"731\" class=\"elementor elementor-731 elementor-16\" data-elementor-post-type=\"page\">\n\t\t\t\t<div class=\"elementor-element elementor-element-67a38ca e-flex e-con-boxed e-con e-parent\" data-id=\"67a38ca\" data-element_type=\"container\" data-settings=\"{&quot;background_background&quot;:&quot;classic&quot;,&quot;background_motion_fx_motion_fx_scrolling&quot;:&quot;yes&quot;,&quot;background_motion_fx_translateY_effect&quot;:&quot;yes&quot;,&quot;background_motion_fx_translateY_speed&quot;:{&quot;unit&quot;:&quot;px&quot;,&quot;size&quot;:2,&quot;sizes&quot;:[]},&quot;background_motion_fx_translateY_affectedRange&quot;:{&quot;unit&quot;:&quot;%&quot;,&quot;size&quot;:&quot;&quot;,&quot;sizes&quot;:{&quot;start&quot;:0,&quot;end&quot;:100}},&quot;background_motion_fx_devices&quot;:[&quot;desktop&quot;,&quot;tablet&quot;,&quot;mobile&quot;]}\">\n\t\t\t\t\t<div class=\"e-con-inner\">\n\t\t<div class=\"elementor-element elementor-element-bee8cb4 e-con-full e-flex e-con e-child\" data-id=\"bee8cb4\" data-element_type=\"container\">\n\t\t\t\t<div class=\"elementor-element elementor-element-6b27378 elementor-widget elementor-widget-heading\" data-id=\"6b27378\" data-element_type=\"widget\" data-widget_type=\"heading.default\">\n\t\t\t\t<div class=\"elementor-widget-container\">\n\t\t\t<style>\/*! elementor - v3.22.0 - 26-06-2024 *\/\n.elementor-heading-title{padding:0;margin:0;line-height:1}.elementor-widget-heading .elementor-heading-title[class*=elementor-size-]>a{color:inherit;font-size:inherit;line-height:inherit}.elementor-widget-heading .elementor-heading-title.elementor-size-small{font-size:15px}.elementor-widget-heading .elementor-heading-title.elementor-size-medium{font-size:19px}.elementor-widget-heading .elementor-heading-title.elementor-size-large{font-size:29px}.elementor-widget-heading .elementor-heading-title.elementor-size-xl{font-size:39px}.elementor-widget-heading .elementor-heading-title.elementor-size-xxl{font-size:59px}<\/style><h1 class=\"elementor-heading-title elementor-size-default\">Recherche d'achat<\/h1>\t\t<\/div>\n\t\t\t\t<\/div>\n\t\t\t\t<div class=\"elementor-element elementor-element-e09c9d5 elementor-widget__width-inherit elementor-widget elementor-widget-text-editor\" data-id=\"e09c9d5\" data-element_type=\"widget\" data-widget_type=\"text-editor.default\">\n\t\t\t\t<div class=\"elementor-widget-container\">\n\t\t\t<style>\/*! elementor - v3.22.0 - 26-06-2024 *\/\n.elementor-widget-text-editor.elementor-drop-cap-view-stacked .elementor-drop-cap{background-color:#69727d;color:#fff}.elementor-widget-text-editor.elementor-drop-cap-view-framed .elementor-drop-cap{color:#69727d;border:3px solid;background-color:transparent}.elementor-widget-text-editor:not(.elementor-drop-cap-view-default) .elementor-drop-cap{margin-top:8px}.elementor-widget-text-editor:not(.elementor-drop-cap-view-default) .elementor-drop-cap-letter{width:1em;height:1em}.elementor-widget-text-editor .elementor-drop-cap{float:left;text-align:center;line-height:1;font-size:50px}.elementor-widget-text-editor .elementor-drop-cap-letter{display:inline-block}<\/style>\t\t\t\t<p>LEMAN HOME a pour objectif de garantir \u00e0 ses clients le meilleur bien immobilier au meilleur prix.<\/p>\n<p>Nous sommes convaincus que le succ\u00e8s d\u2019une agence immobili\u00e8re d\u00e9coule de la qualit\u00e9 du service prest\u00e9, coupl\u00e9e \u00e0 une connaissance approfondie du march\u00e9. Nous nous assurons que nos clients b\u00e9n\u00e9ficient des informations les plus r\u00e9centes et les plus pertinentes. Nous travaillons avec un large r\u00e9seau de contacts professionnels pour r\u00e9pondre aux besoins de nos clients.<\/p>\n\t\t\t\t\t\t<\/div>\n\t\t\t\t<\/div>\n\t\t\t\t<\/div>\n\t\t\t\t\t<\/div>\n\t\t\t\t<\/div>\n\t\t<div class=\"elementor-element elementor-element-32af727 e-flex e-con-boxed e-con e-parent\" data-id=\"32af727\" data-element_type=\"container\">\n\t\t\t\t\t<div class=\"e-con-inner\">\n\t\t\t\t<div class=\"elementor-element elementor-element-a6f8024 elementor-widget__width-initial animated-fast elementor-widget-mobile__width-inherit elementor-invisible elementor-widget elementor-widget-text-editor\" data-id=\"a6f8024\" data-element_type=\"widget\" data-settings=\"{&quot;_animation&quot;:&quot;fadeInUp&quot;}\" data-widget_type=\"text-editor.default\">\n\t\t\t\t<div class=\"elementor-widget-container\">\n\t\t\t\t\t\t\t<p>Avant de commencer notre recherche, nous nous assurerons de parfaitement comprendre votre style de vie ainsi que vos attentes par rapport \u00e0 votre future habitation.<\/p>\n<p>Cela fait, nous mettrons tout en oeuvre pour vous soumettre une s\u00e9lection \u00absur mesure\u00bb de propri\u00e9t\u00e9s correspondant \u00e0 vos souhaits.<\/p>\n<p>Nous comprenons que votre temps est pr\u00e9cieux et nous ne vous recommanderons donc jamais de visiter une propri\u00e9t\u00e9 dont nous ne serons pas convaincus qu\u2019elle vous corresponde.<\/p>\n\t\t\t\t\t\t<\/div>\n\t\t\t\t<\/div>\n\t\t\t\t\t<\/div>\n\t\t\t\t<\/div>\n\t\t<div class=\"elementor-element elementor-element-e3a131c e-flex e-con-boxed e-con e-parent\" data-id=\"e3a131c\" data-element_type=\"container\">\n\t\t\t\t\t<div class=\"e-con-inner\">\n\t\t<div class=\"elementor-element elementor-element-9ce7d7f e-con-full e-grid e-con e-child\" data-id=\"9ce7d7f\" data-element_type=\"container\">\n\t\t<div class=\"elementor-element elementor-element-00dafef e-con-full animated-fast e-flex elementor-invisible e-con e-child\" data-id=\"00dafef\" data-element_type=\"container\" data-settings=\"{&quot;background_background&quot;:&quot;classic&quot;,&quot;animation&quot;:&quot;fadeInUp&quot;}\">\n\t\t\t\t<div class=\"elementor-element elementor-element-eb614f3 elementor-absolute animated-slow elementor-invisible elementor-widget elementor-widget-text-editor\" data-id=\"eb614f3\" data-element_type=\"widget\" data-settings=\"{&quot;_position&quot;:&quot;absolute&quot;,&quot;_animation&quot;:&quot;bounceIn&quot;,&quot;_animation_delay&quot;:150}\" data-widget_type=\"text-editor.default\">\n\t\t\t\t<div class=\"elementor-widget-container\">\n\t\t\t\t\t\t\t<p>1<\/p>\n\t\t\t\t\t\t<\/div>\n\t\t\t\t<\/div>\n\t\t\t\t<div class=\"elementor-element elementor-element-9b6167e elementor-widget elementor-widget-heading\" data-id=\"9b6167e\" data-element_type=\"widget\" data-widget_type=\"heading.default\">\n\t\t\t\t<div class=\"elementor-widget-container\">\n\t\t\t<h2 class=\"elementor-heading-title elementor-size-default\">R\u00e9union sans engagement<\/h2>\t\t<\/div>\n\t\t\t\t<\/div>\n\t\t\t\t<div class=\"elementor-element elementor-element-2781843 elementor-widget elementor-widget-text-editor\" data-id=\"2781843\" data-element_type=\"widget\" data-widget_type=\"text-editor.default\">\n\t\t\t\t<div class=\"elementor-widget-container\">\n\t\t\t\t\t\t\t<p>Nous venons vous rencontrer \u00e0 l&rsquo;heure et \u00e0 l&rsquo;endroit qui vous conviennent, que ce soit pendant la journ\u00e9e, apr\u00e8s le travail ou le week-end. Nous pouvons vous conseiller sur les conditions actuelles du march\u00e9 et la r\u00e9union nous donne l&rsquo;occasion de comprendre pleinement vos besoins et ce qui est important pour vous.<\/p>\n\t\t\t\t\t\t<\/div>\n\t\t\t\t<\/div>\n\t\t\t\t<\/div>\n\t\t<div class=\"elementor-element elementor-element-70cee3e e-con-full animated-fast e-flex elementor-invisible e-con e-child\" data-id=\"70cee3e\" data-element_type=\"container\" data-settings=\"{&quot;background_background&quot;:&quot;classic&quot;,&quot;animation&quot;:&quot;fadeInUp&quot;}\">\n\t\t\t\t<div class=\"elementor-element elementor-element-f641633 elementor-absolute animated-slow elementor-invisible elementor-widget elementor-widget-text-editor\" data-id=\"f641633\" data-element_type=\"widget\" data-settings=\"{&quot;_position&quot;:&quot;absolute&quot;,&quot;_animation&quot;:&quot;bounceIn&quot;,&quot;_animation_delay&quot;:150}\" data-widget_type=\"text-editor.default\">\n\t\t\t\t<div class=\"elementor-widget-container\">\n\t\t\t\t\t\t\t<p>2<\/p>\n\t\t\t\t\t\t<\/div>\n\t\t\t\t<\/div>\n\t\t\t\t<div class=\"elementor-element elementor-element-6d345dd elementor-widget elementor-widget-heading\" data-id=\"6d345dd\" data-element_type=\"widget\" data-widget_type=\"heading.default\">\n\t\t\t\t<div class=\"elementor-widget-container\">\n\t\t\t<h2 class=\"elementor-heading-title elementor-size-default\">Dossier complet sur les biens immobiliers <\/h2>\t\t<\/div>\n\t\t\t\t<\/div>\n\t\t\t\t<div class=\"elementor-element elementor-element-18119f0 elementor-widget elementor-widget-text-editor\" data-id=\"18119f0\" data-element_type=\"widget\" data-widget_type=\"text-editor.default\">\n\t\t\t\t<div class=\"elementor-widget-container\">\n\t\t\t\t\t\t\t<p>Nous travaillons en \u00e9troite collaboration avec vous afin d\u2019\u00e9tablir un dossier cibl\u00e9 qui tient compte de vos exigences en ce qui concerne le style, la taille et l\u2019emplacement du bien immobilier souhait\u00e9. Nous vous conseillons sur les diff\u00e9rentes options disponibles et proposons une visite d\u2019orientation si vous le souhaitez.<\/p>\n\t\t\t\t\t\t<\/div>\n\t\t\t\t<\/div>\n\t\t\t\t<\/div>\n\t\t<div class=\"elementor-element elementor-element-83b77d7 e-con-full animated-fast e-flex elementor-invisible e-con e-child\" data-id=\"83b77d7\" data-element_type=\"container\" data-settings=\"{&quot;background_background&quot;:&quot;classic&quot;,&quot;animation&quot;:&quot;fadeInUp&quot;}\">\n\t\t\t\t<div class=\"elementor-element elementor-element-35ce7ab elementor-absolute animated-slow elementor-invisible elementor-widget elementor-widget-text-editor\" data-id=\"35ce7ab\" data-element_type=\"widget\" data-settings=\"{&quot;_position&quot;:&quot;absolute&quot;,&quot;_animation&quot;:&quot;bounceIn&quot;,&quot;_animation_delay&quot;:150}\" data-widget_type=\"text-editor.default\">\n\t\t\t\t<div class=\"elementor-widget-container\">\n\t\t\t\t\t\t\t<p>3<\/p>\n\t\t\t\t\t\t<\/div>\n\t\t\t\t<\/div>\n\t\t\t\t<div class=\"elementor-element elementor-element-4f53ebf elementor-widget elementor-widget-heading\" data-id=\"4f53ebf\" data-element_type=\"widget\" data-widget_type=\"heading.default\">\n\t\t\t\t<div class=\"elementor-widget-container\">\n\t\t\t<h2 class=\"elementor-heading-title elementor-size-default\">Recherche de biens<\/h2>\t\t<\/div>\n\t\t\t\t<\/div>\n\t\t\t\t<div class=\"elementor-element elementor-element-09a168e elementor-widget elementor-widget-text-editor\" data-id=\"09a168e\" data-element_type=\"widget\" data-widget_type=\"text-editor.default\">\n\t\t\t\t<div class=\"elementor-widget-container\">\n\t\t\t\t\t\t\t<p>Nous effectuons des recherches approfondies sur le march\u00e9 en travaillant avec des agents immobiliers locaux et notre vaste r\u00e9seau de contacts priv\u00e9s.<\/p>\n\t\t\t\t\t\t<\/div>\n\t\t\t\t<\/div>\n\t\t\t\t<\/div>\n\t\t<div class=\"elementor-element elementor-element-e758e54 e-con-full animated-fast e-flex elementor-invisible e-con e-child\" data-id=\"e758e54\" data-element_type=\"container\" data-settings=\"{&quot;background_background&quot;:&quot;classic&quot;,&quot;animation&quot;:&quot;fadeInUp&quot;}\">\n\t\t\t\t<div class=\"elementor-element elementor-element-27131f9 elementor-absolute animated-slow elementor-invisible elementor-widget elementor-widget-text-editor\" data-id=\"27131f9\" data-element_type=\"widget\" data-settings=\"{&quot;_position&quot;:&quot;absolute&quot;,&quot;_animation&quot;:&quot;bounceIn&quot;,&quot;_animation_delay&quot;:150}\" data-widget_type=\"text-editor.default\">\n\t\t\t\t<div class=\"elementor-widget-container\">\n\t\t\t\t\t\t\t<p>4<\/p>\n\t\t\t\t\t\t<\/div>\n\t\t\t\t<\/div>\n\t\t\t\t<div class=\"elementor-element elementor-element-f9e4667 elementor-widget elementor-widget-heading\" data-id=\"f9e4667\" data-element_type=\"widget\" data-widget_type=\"heading.default\">\n\t\t\t\t<div class=\"elementor-widget-container\">\n\t\t\t<h2 class=\"elementor-heading-title elementor-size-default\">Vous faire un rapport<\/h2>\t\t<\/div>\n\t\t\t\t<\/div>\n\t\t\t\t<div class=\"elementor-element elementor-element-4eab1a2 elementor-widget elementor-widget-text-editor\" data-id=\"4eab1a2\" data-element_type=\"widget\" data-widget_type=\"text-editor.default\">\n\t\t\t\t<div class=\"elementor-widget-container\">\n\t\t\t\t\t\t\t<p>Nous proc\u00e9dons \u00e0 une inspection minutieuse de chaque bien; Nous \u00e9tablirons une liste restreinte des biens qui correspondent \u00e0 votre demande. Nous vous fournirons un retour d&rsquo;information honn\u00eate et objectif sur chaque bien.<\/p>\n\t\t\t\t\t\t<\/div>\n\t\t\t\t<\/div>\n\t\t\t\t<\/div>\n\t\t<div class=\"elementor-element elementor-element-51324fd e-con-full animated-fast e-flex elementor-invisible e-con e-child\" data-id=\"51324fd\" data-element_type=\"container\" data-settings=\"{&quot;background_background&quot;:&quot;classic&quot;,&quot;animation&quot;:&quot;fadeInUp&quot;}\">\n\t\t\t\t<div class=\"elementor-element elementor-element-748c33a elementor-absolute animated-slow elementor-invisible elementor-widget elementor-widget-text-editor\" data-id=\"748c33a\" data-element_type=\"widget\" data-settings=\"{&quot;_position&quot;:&quot;absolute&quot;,&quot;_animation&quot;:&quot;bounceIn&quot;,&quot;_animation_delay&quot;:150}\" data-widget_type=\"text-editor.default\">\n\t\t\t\t<div class=\"elementor-widget-container\">\n\t\t\t\t\t\t\t<p>5<\/p>\n\t\t\t\t\t\t<\/div>\n\t\t\t\t<\/div>\n\t\t\t\t<div class=\"elementor-element elementor-element-965d456 elementor-widget elementor-widget-heading\" data-id=\"965d456\" data-element_type=\"widget\" data-widget_type=\"heading.default\">\n\t\t\t\t<div class=\"elementor-widget-container\">\n\t\t\t<h2 class=\"elementor-heading-title elementor-size-default\">Des visites avec vous<\/h2>\t\t<\/div>\n\t\t\t\t<\/div>\n\t\t\t\t<div class=\"elementor-element elementor-element-472b774 elementor-widget elementor-widget-text-editor\" data-id=\"472b774\" data-element_type=\"widget\" data-widget_type=\"text-editor.default\">\n\t\t\t\t<div class=\"elementor-widget-container\">\n\t\t\t\t\t\t\t<p>Les visites sont organis\u00e9es \u00e0 votre convenance et nous pouvons souvent organiser des visites \u00e0 des heures plus souples que celles qui vous seraient normalement propos\u00e9es si vous cherchiez \u00e0 titre individuel. Nous vous accompagnons lors de toutes les visites de biens immobiliers et vous fournirons des conseils impartiaux .<\/p>\n\t\t\t\t\t\t<\/div>\n\t\t\t\t<\/div>\n\t\t\t\t<\/div>\n\t\t<div class=\"elementor-element elementor-element-b769cec e-con-full animated-fast e-flex elementor-invisible e-con e-child\" data-id=\"b769cec\" data-element_type=\"container\" data-settings=\"{&quot;background_background&quot;:&quot;classic&quot;,&quot;animation&quot;:&quot;fadeInUp&quot;}\">\n\t\t\t\t<div class=\"elementor-element elementor-element-f7a8fe0 elementor-absolute animated-slow elementor-invisible elementor-widget elementor-widget-text-editor\" data-id=\"f7a8fe0\" data-element_type=\"widget\" data-settings=\"{&quot;_position&quot;:&quot;absolute&quot;,&quot;_animation&quot;:&quot;bounceIn&quot;,&quot;_animation_delay&quot;:150}\" data-widget_type=\"text-editor.default\">\n\t\t\t\t<div class=\"elementor-widget-container\">\n\t\t\t\t\t\t\t<p>6<\/p>\n\t\t\t\t\t\t<\/div>\n\t\t\t\t<\/div>\n\t\t\t\t<div class=\"elementor-element elementor-element-d97b833 elementor-widget elementor-widget-heading\" data-id=\"d97b833\" data-element_type=\"widget\" data-widget_type=\"heading.default\">\n\t\t\t\t<div class=\"elementor-widget-container\">\n\t\t\t<h2 class=\"elementor-heading-title elementor-size-default\">N\u00e9gociation <\/h2>\t\t<\/div>\n\t\t\t\t<\/div>\n\t\t\t\t<div class=\"elementor-element elementor-element-51bceef elementor-widget elementor-widget-text-editor\" data-id=\"51bceef\" data-element_type=\"widget\" data-widget_type=\"text-editor.default\">\n\t\t\t\t<div class=\"elementor-widget-container\">\n\t\t\t\t\t\t\t<p>Nos relations avec les agents immobiliers signifient que nous pouvons souvent vous donner un avantage concurrentiel s\u2019il y a d\u2019autres offres sur un bien immobilier sp\u00e9cifique, les agents immobiliers savent que nous agissons pour des acheteurs s\u00e9rieux et que nous apportons rapidit\u00e9 et efficacit\u00e9 au processus.<\/p>\n\t\t\t\t\t\t<\/div>\n\t\t\t\t<\/div>\n\t\t\t\t<\/div>\n\t\t<div class=\"elementor-element elementor-element-a046fab e-con-full animated-fast e-flex elementor-invisible e-con e-child\" data-id=\"a046fab\" data-element_type=\"container\" data-settings=\"{&quot;background_background&quot;:&quot;classic&quot;,&quot;animation&quot;:&quot;fadeInUp&quot;}\">\n\t\t\t\t<div class=\"elementor-element elementor-element-78470cf elementor-absolute animated-slow elementor-invisible elementor-widget elementor-widget-text-editor\" data-id=\"78470cf\" data-element_type=\"widget\" data-settings=\"{&quot;_position&quot;:&quot;absolute&quot;,&quot;_animation&quot;:&quot;bounceIn&quot;,&quot;_animation_delay&quot;:150}\" data-widget_type=\"text-editor.default\">\n\t\t\t\t<div class=\"elementor-widget-container\">\n\t\t\t\t\t\t\t<p>7<\/p>\n\t\t\t\t\t\t<\/div>\n\t\t\t\t<\/div>\n\t\t\t\t<div class=\"elementor-element elementor-element-24567b7 elementor-widget elementor-widget-heading\" data-id=\"24567b7\" data-element_type=\"widget\" data-widget_type=\"heading.default\">\n\t\t\t\t<div class=\"elementor-widget-container\">\n\t\t\t<h2 class=\"elementor-heading-title elementor-size-default\">Transactions immobili\u00e8res<\/h2>\t\t<\/div>\n\t\t\t\t<\/div>\n\t\t\t\t<div class=\"elementor-element elementor-element-d74f171 elementor-widget elementor-widget-text-editor\" data-id=\"d74f171\" data-element_type=\"widget\" data-widget_type=\"text-editor.default\">\n\t\t\t\t<div class=\"elementor-widget-container\">\n\t\t\t\t\t\t\t<p>Une fois le prix convenu, nous g\u00e9rons l\u2019ensemble le processus de transfert de propri\u00e9t\u00e9, en liaison avec l\u2019agent immobilier du vendeur, le notaire et votre avocat le cas \u00e9ch\u00e9ant. Nous veillons \u00e0 ce que le processus se d\u00e9roule de la mani\u00e8re la plus fluide et la plus rapide possible.<\/p>\n\t\t\t\t\t\t<\/div>\n\t\t\t\t<\/div>\n\t\t\t\t<\/div>\n\t\t<div class=\"elementor-element elementor-element-d2fc484 e-con-full animated-fast e-flex elementor-invisible e-con e-child\" data-id=\"d2fc484\" data-element_type=\"container\" data-settings=\"{&quot;background_background&quot;:&quot;classic&quot;,&quot;animation&quot;:&quot;fadeInUp&quot;}\">\n\t\t\t\t<div class=\"elementor-element elementor-element-d1af69a elementor-absolute animated-slow elementor-invisible elementor-widget elementor-widget-text-editor\" data-id=\"d1af69a\" data-element_type=\"widget\" data-settings=\"{&quot;_position&quot;:&quot;absolute&quot;,&quot;_animation&quot;:&quot;bounceIn&quot;,&quot;_animation_delay&quot;:150}\" data-widget_type=\"text-editor.default\">\n\t\t\t\t<div class=\"elementor-widget-container\">\n\t\t\t\t\t\t\t<p>8<\/p>\n\t\t\t\t\t\t<\/div>\n\t\t\t\t<\/div>\n\t\t\t\t<div class=\"elementor-element elementor-element-a716794 elementor-widget elementor-widget-heading\" data-id=\"a716794\" data-element_type=\"widget\" data-widget_type=\"heading.default\">\n\t\t\t\t<div class=\"elementor-widget-container\">\n\t\t\t<h2 class=\"elementor-heading-title elementor-size-default\">S'installer <\/h2>\t\t<\/div>\n\t\t\t\t<\/div>\n\t\t\t\t<div class=\"elementor-element elementor-element-03ff2ce elementor-widget elementor-widget-text-editor\" data-id=\"03ff2ce\" data-element_type=\"widget\" data-widget_type=\"text-editor.default\">\n\t\t\t\t<div class=\"elementor-widget-container\">\n\t\t\t\t\t\t\t<p>Avant que vous n\u2019emm\u00e9nagiez dans votre nouvelle prori\u00e9t\u00e9, nous vous fournissons une liste de contr\u00f4le personnalis\u00e9e des organismes qui doivent \u00eatre inform\u00e9s de votre acquisition. Nous vous aidons \u00e0 en assurer la gestion.<\/p>\n\t\t\t\t\t\t<\/div>\n\t\t\t\t<\/div>\n\t\t\t\t<\/div>\n\t\t\t\t<\/div>\n\t\t\t\t\t<\/div>\n\t\t\t\t<\/div>\n\t\t\t\t<\/div>\n\t\t","protected":false},"excerpt":{"rendered":"<p>Recherche d&rsquo;achat LEMAN HOME a pour objectif de garantir \u00e0 ses clients le meilleur bien immobilier au meilleur prix. Nous sommes convaincus que le succ\u00e8s d\u2019une agence immobili\u00e8re d\u00e9coule de la qualit\u00e9 du service prest\u00e9, coupl\u00e9e \u00e0 une connaissance approfondie du march\u00e9. Nous nous assurons que nos clients b\u00e9n\u00e9ficient des informations les plus r\u00e9centes et [&hellip;]<\/p>\n","protected":false},"author":2,"featured_media":0,"parent":0,"menu_order":0,"comment_status":"closed","ping_status":"closed","template":"","meta":{"footnotes":""},"class_list":["post-731","page","type-page","status-publish","hentry"],"_links":{"self":[{"href":"https:\/\/lemanhome.com\/fr\/wp-json\/wp\/v2\/pages\/731","targetHints":{"allow":["GET"]}}],"collection":[{"href":"https:\/\/lemanhome.com\/fr\/wp-json\/wp\/v2\/pages"}],"about":[{"href":"https:\/\/lemanhome.com\/fr\/wp-json\/wp\/v2\/types\/page"}],"author":[{"embeddable":true,"href":"https:\/\/lemanhome.com\/fr\/wp-json\/wp\/v2\/users\/2"}],"replies":[{"embeddable":true,"href":"https:\/\/lemanhome.com\/fr\/wp-json\/wp\/v2\/comments?post=731"}],"version-history":[{"count":44,"href":"https:\/\/lemanhome.com\/fr\/wp-json\/wp\/v2\/pages\/731\/revisions"}],"predecessor-version":[{"id":1362,"href":"https:\/\/lemanhome.com\/fr\/wp-json\/wp\/v2\/pages\/731\/revisions\/1362"}],"wp:attachment":[{"href":"https:\/\/lemanhome.com\/fr\/wp-json\/wp\/v2\/media?parent=731"}],"curies":[{"name":"wp","href":"https:\/\/api.w.org\/{rel}","templated":true}]}}