{"id":729,"date":"2024-05-16T11:45:10","date_gmt":"2024-05-16T09:45:10","guid":{"rendered":"https:\/\/lemanhome.anapneo-studio.fr\/a-propos\/"},"modified":"2024-07-15T17:39:41","modified_gmt":"2024-07-15T15:39:41","slug":"a-propos","status":"publish","type":"page","link":"https:\/\/lemanhome.com\/fr\/a-propos\/","title":{"rendered":"\u00c0 propos"},"content":{"rendered":"\t\t<div data-elementor-type=\"wp-page\" data-elementor-id=\"729\" class=\"elementor elementor-729 elementor-39\" data-elementor-post-type=\"page\">\n\t\t\t\t<div class=\"elementor-element elementor-element-409d17e e-flex e-con-boxed e-con e-parent\" data-id=\"409d17e\" data-element_type=\"container\">\n\t\t\t\t\t<div class=\"e-con-inner\">\n\t\t<div class=\"elementor-element elementor-element-0bd2c55 e-con-full e-flex e-con e-child\" data-id=\"0bd2c55\" data-element_type=\"container\">\n\t\t\t\t<div class=\"elementor-element elementor-element-9d9c7a1 animated-fast elementor-invisible elementor-widget elementor-widget-image\" data-id=\"9d9c7a1\" data-element_type=\"widget\" data-settings=\"{&quot;_animation&quot;:&quot;fadeInLeft&quot;}\" data-widget_type=\"image.default\">\n\t\t\t\t<div class=\"elementor-widget-container\">\n\t\t\t<style>\/*! elementor - v3.22.0 - 26-06-2024 *\/\n.elementor-widget-image{text-align:center}.elementor-widget-image a{display:inline-block}.elementor-widget-image a img[src$=\".svg\"]{width:48px}.elementor-widget-image img{vertical-align:middle;display:inline-block}<\/style>\t\t\t\t\t\t\t\t\t\t<img fetchpriority=\"high\" decoding=\"async\" width=\"667\" height=\"1024\" src=\"https:\/\/lemanhome.com\/wp-content\/uploads\/2024\/07\/caridad-perez-salome-leman-home-max-667x1024.jpg\" class=\"attachment-large size-large wp-image-950\" alt=\"Caridad Perez Salom\u00e9\" srcset=\"https:\/\/lemanhome.com\/wp-content\/uploads\/2024\/07\/caridad-perez-salome-leman-home-max-667x1024.jpg 667w, https:\/\/lemanhome.com\/wp-content\/uploads\/2024\/07\/caridad-perez-salome-leman-home-max-195x300.jpg 195w, https:\/\/lemanhome.com\/wp-content\/uploads\/2024\/07\/caridad-perez-salome-leman-home-max-768x1179.jpg 768w, https:\/\/lemanhome.com\/wp-content\/uploads\/2024\/07\/caridad-perez-salome-leman-home-max-1000x1536.jpg 1000w, https:\/\/lemanhome.com\/wp-content\/uploads\/2024\/07\/caridad-perez-salome-leman-home-max-1334x2048.jpg 1334w, https:\/\/lemanhome.com\/wp-content\/uploads\/2024\/07\/caridad-perez-salome-leman-home-max.jpg 1500w\" sizes=\"(max-width: 667px) 100vw, 667px\" \/>\t\t\t\t\t\t\t\t\t\t\t\t\t<\/div>\n\t\t\t\t<\/div>\n\t\t\t\t<\/div>\n\t\t<div class=\"elementor-element elementor-element-3036def e-con-full e-flex e-con e-child\" data-id=\"3036def\" data-element_type=\"container\">\n\t\t\t\t<div class=\"elementor-element elementor-element-f9c7d7f animated-fast elementor-invisible elementor-widget elementor-widget-heading\" data-id=\"f9c7d7f\" data-element_type=\"widget\" data-settings=\"{&quot;_animation&quot;:&quot;fadeInDown&quot;}\" data-widget_type=\"heading.default\">\n\t\t\t\t<div class=\"elementor-widget-container\">\n\t\t\t<style>\/*! elementor - v3.22.0 - 26-06-2024 *\/\n.elementor-heading-title{padding:0;margin:0;line-height:1}.elementor-widget-heading .elementor-heading-title[class*=elementor-size-]>a{color:inherit;font-size:inherit;line-height:inherit}.elementor-widget-heading .elementor-heading-title.elementor-size-small{font-size:15px}.elementor-widget-heading .elementor-heading-title.elementor-size-medium{font-size:19px}.elementor-widget-heading .elementor-heading-title.elementor-size-large{font-size:29px}.elementor-widget-heading .elementor-heading-title.elementor-size-xl{font-size:39px}.elementor-widget-heading .elementor-heading-title.elementor-size-xxl{font-size:59px}<\/style><h1 class=\"elementor-heading-title elementor-size-default\">Caridad Perez Salom\u00e9<\/h1>\t\t<\/div>\n\t\t\t\t<\/div>\n\t\t\t\t<div class=\"elementor-element elementor-element-066d800 animated-fast elementor-invisible elementor-widget elementor-widget-text-editor\" data-id=\"066d800\" data-element_type=\"widget\" data-settings=\"{&quot;_animation&quot;:&quot;fadeInDown&quot;}\" data-widget_type=\"text-editor.default\">\n\t\t\t\t<div class=\"elementor-widget-container\">\n\t\t\t<style>\/*! elementor - v3.22.0 - 26-06-2024 *\/\n.elementor-widget-text-editor.elementor-drop-cap-view-stacked .elementor-drop-cap{background-color:#69727d;color:#fff}.elementor-widget-text-editor.elementor-drop-cap-view-framed .elementor-drop-cap{color:#69727d;border:3px solid;background-color:transparent}.elementor-widget-text-editor:not(.elementor-drop-cap-view-default) .elementor-drop-cap{margin-top:8px}.elementor-widget-text-editor:not(.elementor-drop-cap-view-default) .elementor-drop-cap-letter{width:1em;height:1em}.elementor-widget-text-editor .elementor-drop-cap{float:left;text-align:center;line-height:1;font-size:50px}.elementor-widget-text-editor .elementor-drop-cap-letter{display:inline-block}<\/style>\t\t\t\t<p>LEMAN HOME a \u00e9t\u00e9 fond\u00e9e en 2010 par Caridad Perez Salom\u00e9, lorsqu&rsquo;elle a vu l&rsquo;opportunit\u00e9 de cr\u00e9er une agence immobili\u00e8re avec des services qui comprennent l&rsquo;achat de propri\u00e9t\u00e9s, la recherche de location et la relocation.<\/p>\n<p>Son expertise approfondie du march\u00e9 immobilier, combin\u00e9 \u00e0 son engagement envers l\u2019excellence, offre \u00e0 ses clients un avantage unique. Elle est connue pour les clients qui reviennent vers elle pour son approche fiable dans la recherche de la propri\u00e9t\u00e9 id\u00e9ale.<\/p>\n<p>Caridad est titulaire d\u2019une licence en \u00ab International Business (Honours) \u00bb qu\u2019elle a obtenu \u00e0 l\u2019Universit\u00e9 de Westminster, \u00e0 Londres. Elle a ensuite travaill\u00e9 \u00e0 la City pendant quelques ann\u00e9es avant de s\u2019installer en Suisse o\u00f9 elle a occup\u00e9 des postes de direction dans la division marketing de plusieurs groupes multinationaux. En 2021, elle est \u00e9lue Municipale des Constructions et des \u00c9coles de sa commune.<\/p>\n<div id=\"gtx-trans\" style=\"position: absolute; left: 21px; top: 38px;\">\n<div class=\"gtx-trans-icon\"> <\/div>\n<\/div>\n\t\t\t\t\t\t<\/div>\n\t\t\t\t<\/div>\n\t\t\t\t<\/div>\n\t\t\t\t\t<\/div>\n\t\t\t\t<\/div>\n\t\t<div class=\"elementor-element elementor-element-db0a8d5 e-flex e-con-boxed e-con e-parent\" data-id=\"db0a8d5\" data-element_type=\"container\">\n\t\t\t\t\t<div class=\"e-con-inner\">\n\t\t\t\t<div class=\"elementor-element elementor-element-c4876cf animated-fast elementor-invisible elementor-widget elementor-widget-heading\" data-id=\"c4876cf\" data-element_type=\"widget\" data-settings=\"{&quot;_animation&quot;:&quot;fadeInUp&quot;}\" data-widget_type=\"heading.default\">\n\t\t\t\t<div class=\"elementor-widget-container\">\n\t\t\t<h2 class=\"elementor-heading-title elementor-size-default\">D\u00e9couvrez tous nos services<\/h2>\t\t<\/div>\n\t\t\t\t<\/div>\n\t\t<div class=\"elementor-element elementor-element-da6b165 e-con-full e-flex e-con e-child\" data-id=\"da6b165\" data-element_type=\"container\">\n\t\t<div class=\"elementor-element elementor-element-104f7fb e-con-full animated-fast e-flex elementor-invisible e-con e-child\" data-id=\"104f7fb\" data-element_type=\"container\" data-settings=\"{&quot;background_background&quot;:&quot;classic&quot;,&quot;animation&quot;:&quot;fadeInUp&quot;}\">\n\t\t<div class=\"elementor-element elementor-element-34c8e7d e-flex e-con-boxed e-con e-child\" data-id=\"34c8e7d\" data-element_type=\"container\">\n\t\t\t\t\t<div class=\"e-con-inner\">\n\t\t\t\t<div class=\"elementor-element elementor-element-9d52f4a elementor-widget elementor-widget-heading\" data-id=\"9d52f4a\" data-element_type=\"widget\" data-widget_type=\"heading.default\">\n\t\t\t\t<div class=\"elementor-widget-container\">\n\t\t\t<h2 class=\"elementor-heading-title elementor-size-default\">Acheter<\/h2>\t\t<\/div>\n\t\t\t\t<\/div>\n\t\t\t\t<div class=\"elementor-element elementor-element-e6a37bc elementor-widget elementor-widget-text-editor\" data-id=\"e6a37bc\" data-element_type=\"widget\" data-widget_type=\"text-editor.default\">\n\t\t\t\t<div class=\"elementor-widget-container\">\n\t\t\t\t\t\t\t<p>LEMAN HOME a pour objectif de garantir \u00e0 ses clients le meilleur bien immobilier au meilleur prix.<\/p>\n<div id=\"gtx-trans\" style=\"position: absolute; left: 28px; top: 38px;\">\n<div class=\"gtx-trans-icon\"> <\/div>\n<\/div>\n\t\t\t\t\t\t<\/div>\n\t\t\t\t<\/div>\n\t\t\t\t\t<\/div>\n\t\t\t\t<\/div>\n\t\t\t\t<div class=\"elementor-element elementor-element-67559e3 elementor-align-center elementor-widget__width-inherit elementor-widget elementor-widget-button\" data-id=\"67559e3\" data-element_type=\"widget\" data-widget_type=\"button.default\">\n\t\t\t\t<div class=\"elementor-widget-container\">\n\t\t\t\t\t<div class=\"elementor-button-wrapper\">\n\t\t\t<a class=\"elementor-button elementor-button-link elementor-size-sm\" href=\"https:\/\/lemanhome.com\/fr\/trouver-un-logement\/\">\n\t\t\t\t\t\t<span class=\"elementor-button-content-wrapper\">\n\t\t\t\t\t\t<span class=\"elementor-button-icon\">\n\t\t\t\t<svg xmlns=\"http:\/\/www.w3.org\/2000\/svg\" id=\"Layer_2\" height=\"512\" viewBox=\"0 0 24 24\" width=\"512\" data-name=\"Layer 2\"><path d=\"m22.707 11.293-7-7a1 1 0 0 0 -1.414 1.414l5.293 5.293h-17.586a1 1 0 0 0 0 2h17.586l-5.293 5.293a1 1 0 1 0 1.414 1.414l7-7a1 1 0 0 0 0-1.414z\"><\/path><\/svg>\t\t\t<\/span>\n\t\t\t\t\t\t\t\t\t<span class=\"elementor-button-text\">D\u00c9COUVRIR PLUS<\/span>\n\t\t\t\t\t<\/span>\n\t\t\t\t\t<\/a>\n\t\t<\/div>\n\t\t\t\t<\/div>\n\t\t\t\t<\/div>\n\t\t\t\t<\/div>\n\t\t<div class=\"elementor-element elementor-element-1b2271f e-con-full animated-fast e-flex elementor-invisible e-con e-child\" data-id=\"1b2271f\" data-element_type=\"container\" data-settings=\"{&quot;background_background&quot;:&quot;classic&quot;,&quot;animation&quot;:&quot;fadeInUp&quot;,&quot;animation_delay&quot;:100}\">\n\t\t<div class=\"elementor-element elementor-element-3334224 e-flex e-con-boxed e-con e-child\" data-id=\"3334224\" data-element_type=\"container\">\n\t\t\t\t\t<div class=\"e-con-inner\">\n\t\t\t\t<div class=\"elementor-element elementor-element-286e9fe elementor-widget elementor-widget-heading\" data-id=\"286e9fe\" data-element_type=\"widget\" data-widget_type=\"heading.default\">\n\t\t\t\t<div class=\"elementor-widget-container\">\n\t\t\t<h2 class=\"elementor-heading-title elementor-size-default\">Louer<\/h2>\t\t<\/div>\n\t\t\t\t<\/div>\n\t\t\t\t<div class=\"elementor-element elementor-element-51d032c elementor-widget elementor-widget-text-editor\" data-id=\"51d032c\" data-element_type=\"widget\" data-widget_type=\"text-editor.default\">\n\t\t\t\t<div class=\"elementor-widget-container\">\n\t\t\t\t\t\t\t<p>LEMAN HOME aide ses clients \u00e0 obtenir des biens locatifs de qualit\u00e9 \u00e0 des prix comp\u00e9titifs tout en n\u00e9gociant des conditions de bail avantageuses.<\/p>\n<div id=\"gtx-trans\" style=\"position: absolute; left: 28px; top: -9px;\">\n<div class=\"gtx-trans-icon\"> <\/div>\n<\/div>\n\t\t\t\t\t\t<\/div>\n\t\t\t\t<\/div>\n\t\t\t\t\t<\/div>\n\t\t\t\t<\/div>\n\t\t\t\t<div class=\"elementor-element elementor-element-c536077 elementor-align-center elementor-widget__width-auto elementor-widget elementor-widget-button\" data-id=\"c536077\" data-element_type=\"widget\" data-widget_type=\"button.default\">\n\t\t\t\t<div class=\"elementor-widget-container\">\n\t\t\t\t\t<div class=\"elementor-button-wrapper\">\n\t\t\t<a class=\"elementor-button elementor-button-link elementor-size-sm\" href=\"https:\/\/lemanhome.com\/fr\/louer-un-logement\/\">\n\t\t\t\t\t\t<span class=\"elementor-button-content-wrapper\">\n\t\t\t\t\t\t<span class=\"elementor-button-icon\">\n\t\t\t\t<svg xmlns=\"http:\/\/www.w3.org\/2000\/svg\" id=\"Layer_2\" height=\"512\" viewBox=\"0 0 24 24\" width=\"512\" data-name=\"Layer 2\"><path d=\"m22.707 11.293-7-7a1 1 0 0 0 -1.414 1.414l5.293 5.293h-17.586a1 1 0 0 0 0 2h17.586l-5.293 5.293a1 1 0 1 0 1.414 1.414l7-7a1 1 0 0 0 0-1.414z\"><\/path><\/svg>\t\t\t<\/span>\n\t\t\t\t\t\t\t\t\t<span class=\"elementor-button-text\">D\u00c9COUVRIR PLUS<\/span>\n\t\t\t\t\t<\/span>\n\t\t\t\t\t<\/a>\n\t\t<\/div>\n\t\t\t\t<\/div>\n\t\t\t\t<\/div>\n\t\t\t\t<\/div>\n\t\t<div class=\"elementor-element elementor-element-a9cf0c9 e-con-full animated-fast e-flex elementor-invisible e-con e-child\" data-id=\"a9cf0c9\" data-element_type=\"container\" data-settings=\"{&quot;background_background&quot;:&quot;classic&quot;,&quot;animation&quot;:&quot;fadeInUp&quot;,&quot;animation_delay&quot;:200}\">\n\t\t<div class=\"elementor-element elementor-element-7c4a15f e-flex e-con-boxed e-con e-child\" data-id=\"7c4a15f\" data-element_type=\"container\">\n\t\t\t\t\t<div class=\"e-con-inner\">\n\t\t\t\t<div class=\"elementor-element elementor-element-6865d9c elementor-widget elementor-widget-heading\" data-id=\"6865d9c\" data-element_type=\"widget\" data-widget_type=\"heading.default\">\n\t\t\t\t<div class=\"elementor-widget-container\">\n\t\t\t<h2 class=\"elementor-heading-title elementor-size-default\">Relocation<\/h2>\t\t<\/div>\n\t\t\t\t<\/div>\n\t\t\t\t<div class=\"elementor-element elementor-element-58e0033 elementor-widget elementor-widget-text-editor\" data-id=\"58e0033\" data-element_type=\"widget\" data-widget_type=\"text-editor.default\">\n\t\t\t\t<div class=\"elementor-widget-container\">\n\t\t\t\t\t\t\t<p>Nous offrons des services de relocation pour rendre votre arriv\u00e9e en Suisse aussi confortable et d\u00e9tendue que possible.<\/p>\n\t\t\t\t\t\t<\/div>\n\t\t\t\t<\/div>\n\t\t\t\t\t<\/div>\n\t\t\t\t<\/div>\n\t\t\t\t<div class=\"elementor-element elementor-element-dee55fd elementor-align-center elementor-widget__width-auto elementor-widget elementor-widget-button\" data-id=\"dee55fd\" data-element_type=\"widget\" data-widget_type=\"button.default\">\n\t\t\t\t<div class=\"elementor-widget-container\">\n\t\t\t\t\t<div class=\"elementor-button-wrapper\">\n\t\t\t<a class=\"elementor-button elementor-button-link elementor-size-sm\" href=\"https:\/\/lemanhome.com\/fr\/relocation\/\">\n\t\t\t\t\t\t<span class=\"elementor-button-content-wrapper\">\n\t\t\t\t\t\t<span class=\"elementor-button-icon\">\n\t\t\t\t<svg xmlns=\"http:\/\/www.w3.org\/2000\/svg\" id=\"Layer_2\" height=\"512\" viewBox=\"0 0 24 24\" width=\"512\" data-name=\"Layer 2\"><path d=\"m22.707 11.293-7-7a1 1 0 0 0 -1.414 1.414l5.293 5.293h-17.586a1 1 0 0 0 0 2h17.586l-5.293 5.293a1 1 0 1 0 1.414 1.414l7-7a1 1 0 0 0 0-1.414z\"><\/path><\/svg>\t\t\t<\/span>\n\t\t\t\t\t\t\t\t\t<span class=\"elementor-button-text\">D\u00c9COUVRIR PLUS<\/span>\n\t\t\t\t\t<\/span>\n\t\t\t\t\t<\/a>\n\t\t<\/div>\n\t\t\t\t<\/div>\n\t\t\t\t<\/div>\n\t\t\t\t<\/div>\n\t\t\t\t<\/div>\n\t\t\t\t\t<\/div>\n\t\t\t\t<\/div>\n\t\t\t\t<\/div>\n\t\t","protected":false},"excerpt":{"rendered":"<p>Caridad Perez Salom\u00e9 LEMAN HOME a \u00e9t\u00e9 fond\u00e9e en 2010 par Caridad Perez Salom\u00e9, lorsqu&rsquo;elle a vu l&rsquo;opportunit\u00e9 de cr\u00e9er une agence immobili\u00e8re avec des services qui comprennent l&rsquo;achat de propri\u00e9t\u00e9s, la recherche de location et la relocation. Son expertise approfondie du march\u00e9 immobilier, combin\u00e9 \u00e0 son engagement envers l\u2019excellence, offre \u00e0 ses clients un [&hellip;]<\/p>\n","protected":false},"author":2,"featured_media":0,"parent":0,"menu_order":0,"comment_status":"closed","ping_status":"closed","template":"","meta":{"footnotes":""},"class_list":["post-729","page","type-page","status-publish","hentry"],"_links":{"self":[{"href":"https:\/\/lemanhome.com\/fr\/wp-json\/wp\/v2\/pages\/729","targetHints":{"allow":["GET"]}}],"collection":[{"href":"https:\/\/lemanhome.com\/fr\/wp-json\/wp\/v2\/pages"}],"about":[{"href":"https:\/\/lemanhome.com\/fr\/wp-json\/wp\/v2\/types\/page"}],"author":[{"embeddable":true,"href":"https:\/\/lemanhome.com\/fr\/wp-json\/wp\/v2\/users\/2"}],"replies":[{"embeddable":true,"href":"https:\/\/lemanhome.com\/fr\/wp-json\/wp\/v2\/comments?post=729"}],"version-history":[{"count":16,"href":"https:\/\/lemanhome.com\/fr\/wp-json\/wp\/v2\/pages\/729\/revisions"}],"predecessor-version":[{"id":1401,"href":"https:\/\/lemanhome.com\/fr\/wp-json\/wp\/v2\/pages\/729\/revisions\/1401"}],"wp:attachment":[{"href":"https:\/\/lemanhome.com\/fr\/wp-json\/wp\/v2\/media?parent=729"}],"curies":[{"name":"wp","href":"https:\/\/api.w.org\/{rel}","templated":true}]}}