{"id":446,"date":"2024-05-16T11:05:09","date_gmt":"2024-05-16T09:05:09","guid":{"rendered":"https:\/\/lemanhome.anapneo-studio.fr\/accueil\/"},"modified":"2024-07-15T17:49:11","modified_gmt":"2024-07-15T15:49:11","slug":"accueil","status":"publish","type":"page","link":"https:\/\/lemanhome.com\/fr\/","title":{"rendered":"Accueil"},"content":{"rendered":"\t\t<div data-elementor-type=\"wp-post\" data-elementor-id=\"446\" class=\"elementor elementor-446 elementor-6\" data-elementor-post-type=\"page\">\n\t\t\t\t<div class=\"elementor-element elementor-element-851dbdb e-flex e-con-boxed e-con e-parent\" data-id=\"851dbdb\" data-element_type=\"container\" data-settings=\"{&quot;background_background&quot;:&quot;video&quot;,&quot;background_video_link&quot;:&quot;https:\\\/\\\/lemanhome.com\\\/wp-content\\\/uploads\\\/2024\\\/07\\\/5268913_City_Harbor_1920x1080.mp4&quot;,&quot;background_video_start&quot;:0,&quot;background_play_on_mobile&quot;:&quot;yes&quot;}\">\n\t\t\t\t\t<div class=\"e-con-inner\">\n\t\t<div class=\"elementor-background-video-container\">\n\t\t\t\t\t\t\t<video class=\"elementor-background-video-hosted elementor-html5-video\" autoplay muted playsinline loop><\/video>\n\t\t\t\t\t<\/div><div class=\"elementor-element elementor-element-ad97e19 e-con-full e-flex e-con e-child\" data-id=\"ad97e19\" data-element_type=\"container\">\n\t\t\t\t<div class=\"elementor-element elementor-element-3e92889 elementor-widget elementor-widget-heading\" data-id=\"3e92889\" data-element_type=\"widget\" data-widget_type=\"heading.default\">\n\t\t\t\t<div class=\"elementor-widget-container\">\n\t\t\t<style>\/*! elementor - v3.22.0 - 26-06-2024 *\/\n.elementor-heading-title{padding:0;margin:0;line-height:1}.elementor-widget-heading .elementor-heading-title[class*=elementor-size-]>a{color:inherit;font-size:inherit;line-height:inherit}.elementor-widget-heading .elementor-heading-title.elementor-size-small{font-size:15px}.elementor-widget-heading .elementor-heading-title.elementor-size-medium{font-size:19px}.elementor-widget-heading .elementor-heading-title.elementor-size-large{font-size:29px}.elementor-widget-heading .elementor-heading-title.elementor-size-xl{font-size:39px}.elementor-widget-heading .elementor-heading-title.elementor-size-xxl{font-size:59px}<\/style><h1 class=\"elementor-heading-title elementor-size-default\"><span>Leman Home<\/span> <br>est une agence immobili\u00e8re totalement ind\u00e9pendante et priv\u00e9e qui se concentre sur les clients \u00e0 la recherche d'un logement \u00e0 acheter ou \u00e0 louer en\nSuisse.<\/h1>\t\t<\/div>\n\t\t\t\t<\/div>\n\t\t\t\t<div class=\"elementor-element elementor-element-2794669 elementor-widget__width-initial elementor-widget-mobile__width-inherit elementor-widget elementor-widget-text-editor\" data-id=\"2794669\" data-element_type=\"widget\" data-widget_type=\"text-editor.default\">\n\t\t\t\t<div class=\"elementor-widget-container\">\n\t\t\t<style>\/*! elementor - v3.22.0 - 26-06-2024 *\/\n.elementor-widget-text-editor.elementor-drop-cap-view-stacked .elementor-drop-cap{background-color:#69727d;color:#fff}.elementor-widget-text-editor.elementor-drop-cap-view-framed .elementor-drop-cap{color:#69727d;border:3px solid;background-color:transparent}.elementor-widget-text-editor:not(.elementor-drop-cap-view-default) .elementor-drop-cap{margin-top:8px}.elementor-widget-text-editor:not(.elementor-drop-cap-view-default) .elementor-drop-cap-letter{width:1em;height:1em}.elementor-widget-text-editor .elementor-drop-cap{float:left;text-align:center;line-height:1;font-size:50px}.elementor-widget-text-editor .elementor-drop-cap-letter{display:inline-block}<\/style>\t\t\t\t<p>Que vous souhaitiez acheter ou louer un bien immobilier, nous serons \u00e0 vos c\u00f4t\u00e9s \u00e0 chaque \u00e9tape jusqu\u2019\u00e0 la r\u00e9alisation de votre projet.<\/p>\n<p>Nous offrons un service personnalis\u00e9 et attachons la plus grande importance \u00e0 l\u2019int\u00e9grit\u00e9 et \u00e0 la discr\u00e9tion.<\/p>\n\t\t\t\t\t\t<\/div>\n\t\t\t\t<\/div>\n\t\t\t\t<\/div>\n\t\t\t\t\t<\/div>\n\t\t\t\t<\/div>\n\t\t<div class=\"elementor-element elementor-element-8554890 e-con-full e-flex e-con e-parent\" data-id=\"8554890\" data-element_type=\"container\" data-settings=\"{&quot;background_background&quot;:&quot;classic&quot;}\">\n\t\t<div class=\"elementor-element elementor-element-760f974 e-con-full e-flex e-con e-child\" data-id=\"760f974\" data-element_type=\"container\">\n\t\t\t\t<div class=\"elementor-element elementor-element-e1c5aba animated-fast elementor-invisible elementor-widget elementor-widget-text-editor\" data-id=\"e1c5aba\" data-element_type=\"widget\" data-settings=\"{&quot;_animation&quot;:&quot;fadeInUp&quot;}\" data-widget_type=\"text-editor.default\">\n\t\t\t\t<div class=\"elementor-widget-container\">\n\t\t\t\t\t\t\t<p>Services<\/p>\n\t\t\t\t\t\t<\/div>\n\t\t\t\t<\/div>\n\t\t\t\t<div class=\"elementor-element elementor-element-a5dfa34 animated-fast elementor-invisible elementor-widget elementor-widget-heading\" data-id=\"a5dfa34\" data-element_type=\"widget\" data-settings=\"{&quot;_animation&quot;:&quot;fadeInUp&quot;}\" data-widget_type=\"heading.default\">\n\t\t\t\t<div class=\"elementor-widget-container\">\n\t\t\t<h2 class=\"elementor-heading-title elementor-size-default\">Acheter<\/h2>\t\t<\/div>\n\t\t\t\t<\/div>\n\t\t\t\t<div class=\"elementor-element elementor-element-f3cfae7 animated-fast elementor-invisible elementor-widget elementor-widget-text-editor\" data-id=\"f3cfae7\" data-element_type=\"widget\" data-settings=\"{&quot;_animation&quot;:&quot;fadeInUp&quot;}\" data-widget_type=\"text-editor.default\">\n\t\t\t\t<div class=\"elementor-widget-container\">\n\t\t\t\t\t\t\t<p>LEMAN HOME a pour objectif de garantir \u00e0 ses clients le meilleur bien immobilier au meilleur prix.<\/p>\n<p>Nous sommes convaincus que le succ\u00e8s d\u2019une agence immobili\u00e8re d\u00e9coule de la qualit\u00e9 du service prest\u00e9, coupl\u00e9e \u00e0 une connaissance approfondie du march\u00e9. Nous nous assurons que nos clients b\u00e9n\u00e9ficient des informations les plus r\u00e9centes et les plus pertinentes. Nous travaillons avec un large r\u00e9seau de contacts professionnels pour r\u00e9pondre aux besoins de nos clients.<\/p>\n\t\t\t\t\t\t<\/div>\n\t\t\t\t<\/div>\n\t\t\t\t<div class=\"elementor-element elementor-element-56bf29d elementor-align-left elementor-widget__width-auto animated-fast elementor-invisible elementor-widget elementor-widget-button\" data-id=\"56bf29d\" data-element_type=\"widget\" data-settings=\"{&quot;_animation&quot;:&quot;fadeInUp&quot;}\" data-widget_type=\"button.default\">\n\t\t\t\t<div class=\"elementor-widget-container\">\n\t\t\t\t\t<div class=\"elementor-button-wrapper\">\n\t\t\t<a class=\"elementor-button elementor-button-link elementor-size-sm\" href=\"https:\/\/lemanhome.com\/fr\/trouver-un-logement\/\">\n\t\t\t\t\t\t<span class=\"elementor-button-content-wrapper\">\n\t\t\t\t\t\t<span class=\"elementor-button-icon\">\n\t\t\t\t<svg xmlns=\"http:\/\/www.w3.org\/2000\/svg\" id=\"Layer_2\" height=\"512\" viewBox=\"0 0 24 24\" width=\"512\" data-name=\"Layer 2\"><path d=\"m22.707 11.293-7-7a1 1 0 0 0 -1.414 1.414l5.293 5.293h-17.586a1 1 0 0 0 0 2h17.586l-5.293 5.293a1 1 0 1 0 1.414 1.414l7-7a1 1 0 0 0 0-1.414z\"><\/path><\/svg>\t\t\t<\/span>\n\t\t\t\t\t\t\t\t\t<span class=\"elementor-button-text\">D\u00c9COUVRIR PLUS<\/span>\n\t\t\t\t\t<\/span>\n\t\t\t\t\t<\/a>\n\t\t<\/div>\n\t\t\t\t<\/div>\n\t\t\t\t<\/div>\n\t\t\t\t<\/div>\n\t\t<div class=\"elementor-element elementor-element-5f97695 e-con-full e-flex e-con e-child\" data-id=\"5f97695\" data-element_type=\"container\" data-settings=\"{&quot;background_background&quot;:&quot;classic&quot;,&quot;background_motion_fx_motion_fx_scrolling&quot;:&quot;yes&quot;,&quot;background_motion_fx_translateY_effect&quot;:&quot;yes&quot;,&quot;background_motion_fx_translateY_speed&quot;:{&quot;unit&quot;:&quot;px&quot;,&quot;size&quot;:3,&quot;sizes&quot;:[]},&quot;background_motion_fx_translateY_affectedRange&quot;:{&quot;unit&quot;:&quot;%&quot;,&quot;size&quot;:&quot;&quot;,&quot;sizes&quot;:{&quot;start&quot;:0,&quot;end&quot;:100}},&quot;background_motion_fx_devices&quot;:[&quot;desktop&quot;,&quot;tablet&quot;,&quot;mobile&quot;]}\">\n\t\t\t\t<\/div>\n\t\t\t\t<\/div>\n\t\t<div class=\"elementor-element elementor-element-414d101 e-con-full e-flex e-con e-parent\" data-id=\"414d101\" data-element_type=\"container\" data-settings=\"{&quot;background_background&quot;:&quot;classic&quot;}\">\n\t\t<div class=\"elementor-element elementor-element-42844b6 e-con-full e-flex e-con e-child\" data-id=\"42844b6\" data-element_type=\"container\" data-settings=\"{&quot;background_background&quot;:&quot;classic&quot;,&quot;background_motion_fx_motion_fx_scrolling&quot;:&quot;yes&quot;,&quot;background_motion_fx_translateY_effect&quot;:&quot;yes&quot;,&quot;background_motion_fx_translateY_direction&quot;:&quot;negative&quot;,&quot;background_motion_fx_translateY_speed&quot;:{&quot;unit&quot;:&quot;px&quot;,&quot;size&quot;:0.4,&quot;sizes&quot;:[]},&quot;background_motion_fx_translateY_affectedRange&quot;:{&quot;unit&quot;:&quot;%&quot;,&quot;size&quot;:&quot;&quot;,&quot;sizes&quot;:{&quot;start&quot;:0,&quot;end&quot;:100}},&quot;background_motion_fx_devices&quot;:[&quot;desktop&quot;,&quot;tablet&quot;,&quot;mobile&quot;]}\">\n\t\t\t\t<\/div>\n\t\t<div class=\"elementor-element elementor-element-bc905d7 e-con-full e-flex e-con e-child\" data-id=\"bc905d7\" data-element_type=\"container\">\n\t\t\t\t<div class=\"elementor-element elementor-element-304d537 animated-fast elementor-invisible elementor-widget elementor-widget-text-editor\" data-id=\"304d537\" data-element_type=\"widget\" data-settings=\"{&quot;_animation&quot;:&quot;fadeInUp&quot;}\" data-widget_type=\"text-editor.default\">\n\t\t\t\t<div class=\"elementor-widget-container\">\n\t\t\t\t\t\t\t<p>Services<\/p>\n\t\t\t\t\t\t<\/div>\n\t\t\t\t<\/div>\n\t\t\t\t<div class=\"elementor-element elementor-element-b0ad013 animated-fast elementor-invisible elementor-widget elementor-widget-heading\" data-id=\"b0ad013\" data-element_type=\"widget\" data-settings=\"{&quot;_animation&quot;:&quot;fadeInUp&quot;}\" data-widget_type=\"heading.default\">\n\t\t\t\t<div class=\"elementor-widget-container\">\n\t\t\t<h2 class=\"elementor-heading-title elementor-size-default\">Louer<\/h2>\t\t<\/div>\n\t\t\t\t<\/div>\n\t\t\t\t<div class=\"elementor-element elementor-element-c6e3390 animated-fast elementor-invisible elementor-widget elementor-widget-text-editor\" data-id=\"c6e3390\" data-element_type=\"widget\" data-settings=\"{&quot;_animation&quot;:&quot;fadeInUp&quot;}\" data-widget_type=\"text-editor.default\">\n\t\t\t\t<div class=\"elementor-widget-container\">\n\t\t\t\t\t\t\t<p>LEMAN HOME aide ses clients \u00e0 obtenir des biens locatifs de qualit\u00e9 \u00e0 des prix comp\u00e9titifs tout en n\u00e9gociant des conditions de bail avantageuses.<\/p>\n<p>Comme tout mach\u00e9, le secteur immobilier suisse a des sp\u00e9cificit\u00e9s qui lui sont propres et qui peuvent diff\u00e9rer d\u2019un canton \u00e0 l\u2019autre. Une bonne compr\u00e9hension du cadre juridique applicable est d\u00e8s lors n\u00e9cessaire.<\/p>\n\t\t\t\t\t\t<\/div>\n\t\t\t\t<\/div>\n\t\t\t\t<div class=\"elementor-element elementor-element-52efd9e elementor-align-left elementor-widget__width-auto animated-fast elementor-invisible elementor-widget elementor-widget-button\" data-id=\"52efd9e\" data-element_type=\"widget\" data-settings=\"{&quot;_animation&quot;:&quot;fadeInUp&quot;}\" data-widget_type=\"button.default\">\n\t\t\t\t<div class=\"elementor-widget-container\">\n\t\t\t\t\t<div class=\"elementor-button-wrapper\">\n\t\t\t<a class=\"elementor-button elementor-button-link elementor-size-sm\" href=\"https:\/\/lemanhome.com\/fr\/louer-un-logement\/\">\n\t\t\t\t\t\t<span class=\"elementor-button-content-wrapper\">\n\t\t\t\t\t\t<span class=\"elementor-button-icon\">\n\t\t\t\t<svg xmlns=\"http:\/\/www.w3.org\/2000\/svg\" id=\"Layer_2\" height=\"512\" viewBox=\"0 0 24 24\" width=\"512\" data-name=\"Layer 2\"><path d=\"m22.707 11.293-7-7a1 1 0 0 0 -1.414 1.414l5.293 5.293h-17.586a1 1 0 0 0 0 2h17.586l-5.293 5.293a1 1 0 1 0 1.414 1.414l7-7a1 1 0 0 0 0-1.414z\"><\/path><\/svg>\t\t\t<\/span>\n\t\t\t\t\t\t\t\t\t<span class=\"elementor-button-text\">D\u00c9COUVRIR PLUS<\/span>\n\t\t\t\t\t<\/span>\n\t\t\t\t\t<\/a>\n\t\t<\/div>\n\t\t\t\t<\/div>\n\t\t\t\t<\/div>\n\t\t\t\t<\/div>\n\t\t\t\t<\/div>\n\t\t<div class=\"elementor-element elementor-element-b86b058 e-con-full e-flex e-con e-parent\" data-id=\"b86b058\" data-element_type=\"container\" data-settings=\"{&quot;background_background&quot;:&quot;classic&quot;}\">\n\t\t<div class=\"elementor-element elementor-element-59e278d e-con-full e-flex e-con e-child\" data-id=\"59e278d\" data-element_type=\"container\">\n\t\t\t\t<div class=\"elementor-element elementor-element-8c66e00 animated-fast elementor-invisible elementor-widget elementor-widget-text-editor\" data-id=\"8c66e00\" data-element_type=\"widget\" data-settings=\"{&quot;_animation&quot;:&quot;fadeInUp&quot;}\" data-widget_type=\"text-editor.default\">\n\t\t\t\t<div class=\"elementor-widget-container\">\n\t\t\t\t\t\t\t<p>Services<\/p>\n\t\t\t\t\t\t<\/div>\n\t\t\t\t<\/div>\n\t\t\t\t<div class=\"elementor-element elementor-element-b03db9e animated-fast elementor-invisible elementor-widget elementor-widget-heading\" data-id=\"b03db9e\" data-element_type=\"widget\" data-settings=\"{&quot;_animation&quot;:&quot;fadeInUp&quot;}\" data-widget_type=\"heading.default\">\n\t\t\t\t<div class=\"elementor-widget-container\">\n\t\t\t<h2 class=\"elementor-heading-title elementor-size-default\">Relocation<\/h2>\t\t<\/div>\n\t\t\t\t<\/div>\n\t\t\t\t<div class=\"elementor-element elementor-element-f6066ad animated-fast elementor-invisible elementor-widget elementor-widget-text-editor\" data-id=\"f6066ad\" data-element_type=\"widget\" data-settings=\"{&quot;_animation&quot;:&quot;fadeInUp&quot;}\" data-widget_type=\"text-editor.default\">\n\t\t\t\t<div class=\"elementor-widget-container\">\n\t\t\t\t\t\t\t<p>Les services de LEMAN HOME sont personnalis\u00e9s pour r\u00e9pondre aux besoins de nos clients. Notre objectif est de rendre leur installation en Suisse aussi agr\u00e9able que possible.<\/p>\n<p>Gr\u00e2ce \u00e0 notre vaste r\u00e9seau de contacts professionnels, nous sommes en mesure de g\u00e9rer tous les aspects de leur relocalisation, de la recherche d\u2019un logement jusqu\u2019au choix des meilleures \u00e9coles.<\/p>\n\t\t\t\t\t\t<\/div>\n\t\t\t\t<\/div>\n\t\t\t\t<div class=\"elementor-element elementor-element-48ee9e9 elementor-align-left elementor-widget__width-auto animated-fast elementor-invisible elementor-widget elementor-widget-button\" data-id=\"48ee9e9\" data-element_type=\"widget\" data-settings=\"{&quot;_animation&quot;:&quot;fadeInUp&quot;}\" data-widget_type=\"button.default\">\n\t\t\t\t<div class=\"elementor-widget-container\">\n\t\t\t\t\t<div class=\"elementor-button-wrapper\">\n\t\t\t<a class=\"elementor-button elementor-button-link elementor-size-sm\" href=\"https:\/\/lemanhome.com\/fr\/relocation\/\">\n\t\t\t\t\t\t<span class=\"elementor-button-content-wrapper\">\n\t\t\t\t\t\t<span class=\"elementor-button-icon\">\n\t\t\t\t<svg xmlns=\"http:\/\/www.w3.org\/2000\/svg\" id=\"Layer_2\" height=\"512\" viewBox=\"0 0 24 24\" width=\"512\" data-name=\"Layer 2\"><path d=\"m22.707 11.293-7-7a1 1 0 0 0 -1.414 1.414l5.293 5.293h-17.586a1 1 0 0 0 0 2h17.586l-5.293 5.293a1 1 0 1 0 1.414 1.414l7-7a1 1 0 0 0 0-1.414z\"><\/path><\/svg>\t\t\t<\/span>\n\t\t\t\t\t\t\t\t\t<span class=\"elementor-button-text\">D\u00c9COUVRIR PLUS<\/span>\n\t\t\t\t\t<\/span>\n\t\t\t\t\t<\/a>\n\t\t<\/div>\n\t\t\t\t<\/div>\n\t\t\t\t<\/div>\n\t\t\t\t<\/div>\n\t\t<div class=\"elementor-element elementor-element-8e9921a e-con-full e-flex e-con e-child\" data-id=\"8e9921a\" data-element_type=\"container\" data-settings=\"{&quot;background_background&quot;:&quot;classic&quot;,&quot;background_motion_fx_motion_fx_scrolling&quot;:&quot;yes&quot;,&quot;background_motion_fx_translateY_effect&quot;:&quot;yes&quot;,&quot;background_motion_fx_translateY_speed&quot;:{&quot;unit&quot;:&quot;px&quot;,&quot;size&quot;:3.1,&quot;sizes&quot;:[]},&quot;background_motion_fx_translateY_affectedRange&quot;:{&quot;unit&quot;:&quot;%&quot;,&quot;size&quot;:&quot;&quot;,&quot;sizes&quot;:{&quot;start&quot;:0,&quot;end&quot;:100}},&quot;background_motion_fx_devices&quot;:[&quot;desktop&quot;,&quot;tablet&quot;,&quot;mobile&quot;]}\">\n\t\t\t\t<\/div>\n\t\t\t\t<\/div>\n\t\t<div class=\"elementor-element elementor-element-29ec86f e-flex e-con-boxed e-con e-parent\" data-id=\"29ec86f\" data-element_type=\"container\">\n\t\t\t\t\t<div class=\"e-con-inner\">\n\t\t<div class=\"elementor-element elementor-element-4f0e9d6 e-con-full e-flex e-con e-child\" data-id=\"4f0e9d6\" data-element_type=\"container\">\n\t\t\t\t<div class=\"elementor-element elementor-element-24f50f9 animated-fast elementor-invisible elementor-widget elementor-widget-text-editor\" data-id=\"24f50f9\" data-element_type=\"widget\" data-settings=\"{&quot;_animation&quot;:&quot;fadeInUp&quot;}\" data-widget_type=\"text-editor.default\">\n\t\t\t\t<div class=\"elementor-widget-container\">\n\t\t\t\t\t\t\t<p>Leman Home<\/p>\n\t\t\t\t\t\t<\/div>\n\t\t\t\t<\/div>\n\t\t\t\t<div class=\"elementor-element elementor-element-cc78a9c elementor-invisible elementor-widget elementor-widget-heading\" data-id=\"cc78a9c\" data-element_type=\"widget\" data-settings=\"{&quot;_animation&quot;:&quot;fadeInUp&quot;}\" data-widget_type=\"heading.default\">\n\t\t\t\t<div class=\"elementor-widget-container\">\n\t\t\t<h2 class=\"elementor-heading-title elementor-size-default\">\u00c0 propos<\/h2>\t\t<\/div>\n\t\t\t\t<\/div>\n\t\t\t\t<div class=\"elementor-element elementor-element-04c8672 elementor-invisible elementor-widget elementor-widget-text-editor\" data-id=\"04c8672\" data-element_type=\"widget\" data-settings=\"{&quot;_animation&quot;:&quot;fadeInUp&quot;}\" data-widget_type=\"text-editor.default\">\n\t\t\t\t<div class=\"elementor-widget-container\">\n\t\t\t\t\t\t\t<p>LEMAN HOME a \u00e9t\u00e9 fond\u00e9e en 2010 par Caridad Perez Salom\u00e9, lorsqu&rsquo;elle a vu l&rsquo;opportunit\u00e9 de cr\u00e9er une agence immobili\u00e8re avec des services qui comprennent l&rsquo;achat de propri\u00e9t\u00e9s, la recherche de location et la relocation.<\/p>\n<p>Son expertise approfondie du march\u00e9 immobilier, combin\u00e9 \u00e0 son engagement envers l\u2019excellence, offre \u00e0 ses clients un avantage unique. Elle est connue pour les clients qui reviennent vers elle pour son approche fiable dans la recherche de la propri\u00e9t\u00e9 id\u00e9ale.<\/p>\n\t\t\t\t\t\t<\/div>\n\t\t\t\t<\/div>\n\t\t\t\t<div class=\"elementor-element elementor-element-9f5ced5 elementor-widget__width-auto elementor-align-left animated-fast elementor-invisible elementor-widget elementor-widget-button\" data-id=\"9f5ced5\" data-element_type=\"widget\" data-settings=\"{&quot;_animation&quot;:&quot;fadeInUp&quot;}\" data-widget_type=\"button.default\">\n\t\t\t\t<div class=\"elementor-widget-container\">\n\t\t\t\t\t<div class=\"elementor-button-wrapper\">\n\t\t\t<a class=\"elementor-button elementor-button-link elementor-size-sm\" href=\"https:\/\/lemanhome.com\/fr\/a-propos\/\">\n\t\t\t\t\t\t<span class=\"elementor-button-content-wrapper\">\n\t\t\t\t\t\t<span class=\"elementor-button-icon\">\n\t\t\t\t<svg xmlns=\"http:\/\/www.w3.org\/2000\/svg\" id=\"Layer_2\" height=\"512\" viewBox=\"0 0 24 24\" width=\"512\" data-name=\"Layer 2\"><path d=\"m22.707 11.293-7-7a1 1 0 0 0 -1.414 1.414l5.293 5.293h-17.586a1 1 0 0 0 0 2h17.586l-5.293 5.293a1 1 0 1 0 1.414 1.414l7-7a1 1 0 0 0 0-1.414z\"><\/path><\/svg>\t\t\t<\/span>\n\t\t\t\t\t\t\t\t\t<span class=\"elementor-button-text\">En savoir plus<\/span>\n\t\t\t\t\t<\/span>\n\t\t\t\t\t<\/a>\n\t\t<\/div>\n\t\t\t\t<\/div>\n\t\t\t\t<\/div>\n\t\t\t\t<\/div>\n\t\t<div class=\"elementor-element elementor-element-5cc91a7 e-con-full e-flex e-con e-child\" data-id=\"5cc91a7\" data-element_type=\"container\">\n\t\t\t\t<div class=\"elementor-element elementor-element-14f35c6 animated-fast elementor-invisible elementor-widget elementor-widget-image\" data-id=\"14f35c6\" data-element_type=\"widget\" data-settings=\"{&quot;_animation&quot;:&quot;fadeInUp&quot;}\" data-widget_type=\"image.default\">\n\t\t\t\t<div class=\"elementor-widget-container\">\n\t\t\t<style>\/*! elementor - v3.22.0 - 26-06-2024 *\/\n.elementor-widget-image{text-align:center}.elementor-widget-image a{display:inline-block}.elementor-widget-image a img[src$=\".svg\"]{width:48px}.elementor-widget-image img{vertical-align:middle;display:inline-block}<\/style>\t\t\t\t\t\t\t\t\t\t<img fetchpriority=\"high\" decoding=\"async\" width=\"667\" height=\"1024\" src=\"https:\/\/lemanhome.com\/wp-content\/uploads\/2024\/07\/caridad-perez-salome-leman-home-max-667x1024.jpg\" class=\"attachment-large size-large wp-image-950\" alt=\"Caridad Perez Salom\u00e9\" srcset=\"https:\/\/lemanhome.com\/wp-content\/uploads\/2024\/07\/caridad-perez-salome-leman-home-max-667x1024.jpg 667w, https:\/\/lemanhome.com\/wp-content\/uploads\/2024\/07\/caridad-perez-salome-leman-home-max-195x300.jpg 195w, https:\/\/lemanhome.com\/wp-content\/uploads\/2024\/07\/caridad-perez-salome-leman-home-max-768x1179.jpg 768w, https:\/\/lemanhome.com\/wp-content\/uploads\/2024\/07\/caridad-perez-salome-leman-home-max-1000x1536.jpg 1000w, https:\/\/lemanhome.com\/wp-content\/uploads\/2024\/07\/caridad-perez-salome-leman-home-max-1334x2048.jpg 1334w, https:\/\/lemanhome.com\/wp-content\/uploads\/2024\/07\/caridad-perez-salome-leman-home-max.jpg 1500w\" sizes=\"(max-width: 667px) 100vw, 667px\" \/>\t\t\t\t\t\t\t\t\t\t\t\t\t<\/div>\n\t\t\t\t<\/div>\n\t\t\t\t<\/div>\n\t\t\t\t\t<\/div>\n\t\t\t\t<\/div>\n\t\t\t\t<\/div>\n\t\t","protected":false},"excerpt":{"rendered":"<p>Leman Home est une agence immobili\u00e8re totalement ind\u00e9pendante et priv\u00e9e qui se concentre sur les clients \u00e0 la recherche d&rsquo;un logement \u00e0 acheter ou \u00e0 louer en Suisse. Que vous souhaitiez acheter ou louer un bien immobilier, nous serons \u00e0 vos c\u00f4t\u00e9s \u00e0 chaque \u00e9tape jusqu\u2019\u00e0 la r\u00e9alisation de votre projet. Nous offrons un service [&hellip;]<\/p>\n","protected":false},"author":1,"featured_media":0,"parent":0,"menu_order":0,"comment_status":"closed","ping_status":"closed","template":"","meta":{"footnotes":""},"class_list":["post-446","page","type-page","status-publish","hentry"],"_links":{"self":[{"href":"https:\/\/lemanhome.com\/fr\/wp-json\/wp\/v2\/pages\/446","targetHints":{"allow":["GET"]}}],"collection":[{"href":"https:\/\/lemanhome.com\/fr\/wp-json\/wp\/v2\/pages"}],"about":[{"href":"https:\/\/lemanhome.com\/fr\/wp-json\/wp\/v2\/types\/page"}],"author":[{"embeddable":true,"href":"https:\/\/lemanhome.com\/fr\/wp-json\/wp\/v2\/users\/1"}],"replies":[{"embeddable":true,"href":"https:\/\/lemanhome.com\/fr\/wp-json\/wp\/v2\/comments?post=446"}],"version-history":[{"count":55,"href":"https:\/\/lemanhome.com\/fr\/wp-json\/wp\/v2\/pages\/446\/revisions"}],"predecessor-version":[{"id":1406,"href":"https:\/\/lemanhome.com\/fr\/wp-json\/wp\/v2\/pages\/446\/revisions\/1406"}],"wp:attachment":[{"href":"https:\/\/lemanhome.com\/fr\/wp-json\/wp\/v2\/media?parent=446"}],"curies":[{"name":"wp","href":"https:\/\/api.w.org\/{rel}","templated":true}]}}